{"id":233225,"date":"2025-12-05T19:12:37","date_gmt":"2025-12-05T22:12:37","guid":{"rendered":"https:\/\/ninja.encktemp.com.br\/speedbrindes\/product\/produto-361\/"},"modified":"2026-01-18T03:45:16","modified_gmt":"2026-01-18T06:45:16","slug":"produto-361","status":"publish","type":"product","link":"https:\/\/ninja.encktemp.com.br\/speedbrindes\/product\/produto-361\/","title":{"rendered":"ROSSI. Garrafa em a\u00e7o inox de parede dupla t\u00e9rmica, isolada a v\u00e1cuo 450 mL"},"content":{"rendered":"<p>Garrafa em a\u00e7o inox de parede dupla t\u00e9rmica, isolada a v\u00e1cuo. A tampa possui term\u00f4metro digital indicando a temperatura da sua bebida. Incluso infusor para ch\u00e1. Fornecido em caixa presente. Certifica\u00e7\u00e3o EU Food Grade. \u00f865 x 229 mm<\/p>\n","protected":false},"excerpt":{"rendered":"<p>Garrafa em a\u00e7o inox de parede dupla t\u00e9rmica, isolada a v\u00e1cuo. A tampa possui term\u00f4metro digital indicando a temperatura da [&hellip;]<\/p>\n","protected":false},"featured_media":208744,"comment_status":"open","ping_status":"closed","template":"","meta":[],"product_brand":[2684],"product_cat":[2006,997,982,2894],"product_tag":[970,971,900,902,987,988,984,985,969,986,983],"class_list":{"0":"post-233225","1":"product","2":"type-product","3":"status-publish","4":"has-post-thumbnail","6":"product_brand-spot-gifts","7":"product_cat-2006","8":"product_cat-997","9":"product_cat-garrafas","10":"product_cat-garrafas-e-squeezes","11":"product_tag-bebida","12":"product_tag-bebidas","13":"product_tag-certificado","14":"product_tag-certificados","15":"product_tag-esporte","16":"product_tag-esportes","17":"product_tag-garrafa","18":"product_tag-garrafa-termica","19":"product_tag-garrafas","20":"product_tag-garrafas-termicas","21":"product_tag-squeezes","23":"first","24":"instock","25":"shipping-taxable","26":"product-type-variable","27":"has-default-attributes"},"_links":{"self":[{"href":"https:\/\/ninja.encktemp.com.br\/speedbrindes\/wp-json\/wp\/v2\/product\/233225","targetHints":{"allow":["GET"]}}],"collection":[{"href":"https:\/\/ninja.encktemp.com.br\/speedbrindes\/wp-json\/wp\/v2\/product"}],"about":[{"href":"https:\/\/ninja.encktemp.com.br\/speedbrindes\/wp-json\/wp\/v2\/types\/product"}],"replies":[{"embeddable":true,"href":"https:\/\/ninja.encktemp.com.br\/speedbrindes\/wp-json\/wp\/v2\/comments?post=233225"}],"wp:featuredmedia":[{"embeddable":true,"href":"https:\/\/ninja.encktemp.com.br\/speedbrindes\/wp-json\/wp\/v2\/media\/208744"}],"wp:attachment":[{"href":"https:\/\/ninja.encktemp.com.br\/speedbrindes\/wp-json\/wp\/v2\/media?parent=233225"}],"wp:term":[{"taxonomy":"product_brand","embeddable":true,"href":"https:\/\/ninja.encktemp.com.br\/speedbrindes\/wp-json\/wp\/v2\/product_brand?post=233225"},{"taxonomy":"product_cat","embeddable":true,"href":"https:\/\/ninja.encktemp.com.br\/speedbrindes\/wp-json\/wp\/v2\/product_cat?post=233225"},{"taxonomy":"product_tag","embeddable":true,"href":"https:\/\/ninja.encktemp.com.br\/speedbrindes\/wp-json\/wp\/v2\/product_tag?post=233225"}],"curies":[{"name":"wp","href":"https:\/\/api.w.org\/{rel}","templated":true}]}}