{"id":233060,"date":"2025-12-05T19:11:12","date_gmt":"2025-12-05T22:11:12","guid":{"rendered":"https:\/\/ninja.encktemp.com.br\/speedbrindes\/product\/produto-337\/"},"modified":"2026-01-18T03:45:28","modified_gmt":"2026-01-18T06:45:28","slug":"produto-337","status":"publish","type":"product","link":"https:\/\/ninja.encktemp.com.br\/speedbrindes\/product\/produto-337\/","title":{"rendered":"CHAMBERI B6. Caderno B6 de capa dura com 160 p\u00e1ginas lisas"},"content":{"rendered":"<p>Caderno B6 de capa dura com 160 p\u00e1ginas lisas em cor marfim, suporte para esferogr\u00e1fica (n\u00e3o inclusa) e bolso interior. 120 x 180 mm<\/p>\n","protected":false},"excerpt":{"rendered":"<p>Caderno B6 de capa dura com 160 p\u00e1ginas lisas em cor marfim, suporte para esferogr\u00e1fica (n\u00e3o inclusa) e bolso interior. [&hellip;]<\/p>\n","protected":false},"featured_media":209180,"comment_status":"open","ping_status":"closed","template":"","meta":[],"product_brand":[2684],"product_cat":[395,1187,1260,2738,2896],"product_tag":[941,1226,1227],"class_list":{"0":"post-233060","1":"product","2":"type-product","3":"status-publish","4":"has-post-thumbnail","6":"product_brand-spot-gifts","7":"product_cat-canetas","8":"product_cat-1187","9":"product_cat-1260","10":"product_cat-cadernos","11":"product_cat-cadernos-e-blocos","12":"product_tag-notebooks","13":"product_tag-cadernos","14":"product_tag-blocos","16":"first","17":"instock","18":"shipping-taxable","19":"purchasable","20":"product-type-variable","21":"has-default-attributes"},"_links":{"self":[{"href":"https:\/\/ninja.encktemp.com.br\/speedbrindes\/wp-json\/wp\/v2\/product\/233060","targetHints":{"allow":["GET"]}}],"collection":[{"href":"https:\/\/ninja.encktemp.com.br\/speedbrindes\/wp-json\/wp\/v2\/product"}],"about":[{"href":"https:\/\/ninja.encktemp.com.br\/speedbrindes\/wp-json\/wp\/v2\/types\/product"}],"replies":[{"embeddable":true,"href":"https:\/\/ninja.encktemp.com.br\/speedbrindes\/wp-json\/wp\/v2\/comments?post=233060"}],"wp:featuredmedia":[{"embeddable":true,"href":"https:\/\/ninja.encktemp.com.br\/speedbrindes\/wp-json\/wp\/v2\/media\/209180"}],"wp:attachment":[{"href":"https:\/\/ninja.encktemp.com.br\/speedbrindes\/wp-json\/wp\/v2\/media?parent=233060"}],"wp:term":[{"taxonomy":"product_brand","embeddable":true,"href":"https:\/\/ninja.encktemp.com.br\/speedbrindes\/wp-json\/wp\/v2\/product_brand?post=233060"},{"taxonomy":"product_cat","embeddable":true,"href":"https:\/\/ninja.encktemp.com.br\/speedbrindes\/wp-json\/wp\/v2\/product_cat?post=233060"},{"taxonomy":"product_tag","embeddable":true,"href":"https:\/\/ninja.encktemp.com.br\/speedbrindes\/wp-json\/wp\/v2\/product_tag?post=233060"}],"curies":[{"name":"wp","href":"https:\/\/api.w.org\/{rel}","templated":true}]}}