{"id":233054,"date":"2025-12-05T19:11:08","date_gmt":"2025-12-05T22:11:08","guid":{"rendered":"https:\/\/ninja.encktemp.com.br\/speedbrindes\/product\/produto-335\/"},"modified":"2026-01-18T03:45:29","modified_gmt":"2026-01-18T06:45:29","slug":"produto-335","status":"publish","type":"product","link":"https:\/\/ninja.encktemp.com.br\/speedbrindes\/product\/produto-335\/","title":{"rendered":"CARREY. Caderno A5 em canvas (poli\u00e9ster) com p\u00e1ginas lisas"},"content":{"rendered":"<p>Caderno A5 de capa dura em canvas (poli\u00e9ster). Cont\u00e9m 192 p\u00e1ginas lisas em cor marfim, fita separadora, el\u00e1stico e suporte para esferogr\u00e1fica (n\u00e3o inclusa). Fornecido em bolsa de non-woven. 148 x 210 mm | Bolsa: 185 x 240 mm<\/p>\n","protected":false},"excerpt":{"rendered":"<p>Caderno A5 de capa dura em canvas (poli\u00e9ster). Cont\u00e9m 192 p\u00e1ginas lisas em cor marfim, fita separadora, el\u00e1stico e suporte [&hellip;]<\/p>\n","protected":false},"featured_media":209170,"comment_status":"open","ping_status":"closed","template":"","meta":[],"product_brand":[2684],"product_cat":[2738,2896,395,1187,1260],"product_tag":[900,902,941,1226,1227],"class_list":{"0":"post-233054","1":"product","2":"type-product","3":"status-publish","4":"has-post-thumbnail","6":"product_brand-spot-gifts","7":"product_cat-cadernos","8":"product_cat-cadernos-e-blocos","9":"product_cat-canetas","10":"product_cat-1187","11":"product_cat-1260","12":"product_tag-certificado","13":"product_tag-certificados","14":"product_tag-notebooks","15":"product_tag-cadernos","16":"product_tag-blocos","18":"first","19":"instock","20":"shipping-taxable","21":"purchasable","22":"product-type-variable","23":"has-default-attributes"},"_links":{"self":[{"href":"https:\/\/ninja.encktemp.com.br\/speedbrindes\/wp-json\/wp\/v2\/product\/233054","targetHints":{"allow":["GET"]}}],"collection":[{"href":"https:\/\/ninja.encktemp.com.br\/speedbrindes\/wp-json\/wp\/v2\/product"}],"about":[{"href":"https:\/\/ninja.encktemp.com.br\/speedbrindes\/wp-json\/wp\/v2\/types\/product"}],"replies":[{"embeddable":true,"href":"https:\/\/ninja.encktemp.com.br\/speedbrindes\/wp-json\/wp\/v2\/comments?post=233054"}],"wp:featuredmedia":[{"embeddable":true,"href":"https:\/\/ninja.encktemp.com.br\/speedbrindes\/wp-json\/wp\/v2\/media\/209170"}],"wp:attachment":[{"href":"https:\/\/ninja.encktemp.com.br\/speedbrindes\/wp-json\/wp\/v2\/media?parent=233054"}],"wp:term":[{"taxonomy":"product_brand","embeddable":true,"href":"https:\/\/ninja.encktemp.com.br\/speedbrindes\/wp-json\/wp\/v2\/product_brand?post=233054"},{"taxonomy":"product_cat","embeddable":true,"href":"https:\/\/ninja.encktemp.com.br\/speedbrindes\/wp-json\/wp\/v2\/product_cat?post=233054"},{"taxonomy":"product_tag","embeddable":true,"href":"https:\/\/ninja.encktemp.com.br\/speedbrindes\/wp-json\/wp\/v2\/product_tag?post=233054"}],"curies":[{"name":"wp","href":"https:\/\/api.w.org\/{rel}","templated":true}]}}