{"id":232526,"date":"2025-12-05T19:07:06","date_gmt":"2025-12-05T22:07:06","guid":{"rendered":"https:\/\/ninja.encktemp.com.br\/speedbrindes\/product\/produto-257\/"},"modified":"2026-01-18T03:45:42","modified_gmt":"2026-01-18T06:45:42","slug":"produto-257","status":"publish","type":"product","link":"https:\/\/ninja.encktemp.com.br\/speedbrindes\/product\/produto-257\/","title":{"rendered":"KEVIN. Bolsa de cosm\u00e9ticos pessoal em 300D"},"content":{"rendered":"<p>Bolsa de cosm\u00e9ticos em 300D de alta densidade com pega, bolso frontal com z\u00edper e interior forrado. 220 x 115 x 115 mm<\/p>\n","protected":false},"excerpt":{"rendered":"<p>Bolsa de cosm\u00e9ticos em 300D de alta densidade com pega, bolso frontal com z\u00edper e interior forrado. 220 x 115 [&hellip;]<\/p>\n","protected":false},"featured_media":210333,"comment_status":"open","ping_status":"closed","template":"","meta":[],"product_brand":[2684],"product_cat":[1593,1001,1534,1588],"product_tag":[1751,900,1758,939,940,1053,1533,1535],"class_list":{"0":"post-232526","1":"product","2":"type-product","3":"status-publish","4":"has-post-thumbnail","6":"product_brand-spot-gifts","7":"product_cat-1593","8":"product_cat-1001","9":"product_cat-bolsas-de-cosmeticos","10":"product_cat-bolsas-de-cosmeticos-mochilas-malas-pastas","11":"product_tag-necesser","12":"product_tag-certificado","13":"product_tag-1758","14":"product_tag-bolsa","15":"product_tag-bolsas","16":"product_tag-viagem","17":"product_tag-necessaire","18":"product_tag-necessaires","20":"first","21":"instock","22":"shipping-taxable","23":"purchasable","24":"product-type-variable","25":"has-default-attributes"},"_links":{"self":[{"href":"https:\/\/ninja.encktemp.com.br\/speedbrindes\/wp-json\/wp\/v2\/product\/232526","targetHints":{"allow":["GET"]}}],"collection":[{"href":"https:\/\/ninja.encktemp.com.br\/speedbrindes\/wp-json\/wp\/v2\/product"}],"about":[{"href":"https:\/\/ninja.encktemp.com.br\/speedbrindes\/wp-json\/wp\/v2\/types\/product"}],"replies":[{"embeddable":true,"href":"https:\/\/ninja.encktemp.com.br\/speedbrindes\/wp-json\/wp\/v2\/comments?post=232526"}],"wp:featuredmedia":[{"embeddable":true,"href":"https:\/\/ninja.encktemp.com.br\/speedbrindes\/wp-json\/wp\/v2\/media\/210333"}],"wp:attachment":[{"href":"https:\/\/ninja.encktemp.com.br\/speedbrindes\/wp-json\/wp\/v2\/media?parent=232526"}],"wp:term":[{"taxonomy":"product_brand","embeddable":true,"href":"https:\/\/ninja.encktemp.com.br\/speedbrindes\/wp-json\/wp\/v2\/product_brand?post=232526"},{"taxonomy":"product_cat","embeddable":true,"href":"https:\/\/ninja.encktemp.com.br\/speedbrindes\/wp-json\/wp\/v2\/product_cat?post=232526"},{"taxonomy":"product_tag","embeddable":true,"href":"https:\/\/ninja.encktemp.com.br\/speedbrindes\/wp-json\/wp\/v2\/product_tag?post=232526"}],"curies":[{"name":"wp","href":"https:\/\/api.w.org\/{rel}","templated":true}]}}