{"id":232109,"date":"2025-12-05T19:03:39","date_gmt":"2025-12-05T22:03:39","guid":{"rendered":"https:\/\/ninja.encktemp.com.br\/speedbrindes\/product\/produto-183\/"},"modified":"2026-04-08T04:39:02","modified_gmt":"2026-04-08T07:39:02","slug":"produto-183","status":"publish","type":"product","link":"https:\/\/ninja.encktemp.com.br\/speedbrindes\/product\/produto-183\/","title":{"rendered":"ROMA L. Cooler. Mochila t\u00e9rmica almofadada em 600D ripstop em poli\u00e9ster reciclado com interior forrado em PEVA 16 L"},"content":{"rendered":"","protected":false},"excerpt":{"rendered":"<p>Mochila t\u00e9rmica almofadada em ripstop poli\u00e9ster reciclado 600D. \u00c9 composta por dois correias frontais que facilitam no transporte de objetos, um compartimento principal espa\u00e7oso com fecho duplo, dois bolsos laterais em tela mesh para pequenos objetos e al\u00e7as ajust\u00e1veis para assegurar um maior conforto no transporte. O interior forrado em PEVA garante um bom isolamento t\u00e9rmico permitindo a conserva\u00e7\u00e3o do frio por mais tempo e a sua higieniza\u00e7\u00e3o. A robustez dos materiais que a comp\u00f5e conferem-lhe uma grande resist\u00eancia e durabilidade, pensado para as necessidades do cotidiano. Capacidade at\u00e9 16 L. Certifica\u00e7\u00e3o EU Food Grade. 280 x 400 x 160 mm<\/p>\n<p><strong>Peso:<\/strong> 186 kg<\/p>\n","protected":false},"featured_media":211507,"comment_status":"open","ping_status":"closed","template":"","meta":[],"product_brand":[2684],"product_cat":[1009,1581],"product_tag":[1161,1574,370,1579,1580,1011,1018,1582,1019,1583,1157,1584,1158,1585,1159,1586,1160,1587],"class_list":{"0":"post-232109","1":"product","2":"type-product","3":"status-publish","4":"has-post-thumbnail","6":"product_brand-spot-gifts","7":"product_cat-1009","8":"product_cat-1581","9":"product_tag-our-nature","10":"product_tag-mochilas-termicas","11":"product_tag-mochila-termica","12":"product_tag-saco-termico","13":"product_tag-sacos-termicos","14":"product_tag-cooler","15":"product_tag-lancheira","16":"product_tag-bolsas-termicas","17":"product_tag-lancheiras","18":"product_tag-bolsa-termica","19":"product_tag-eco","20":"product_tag-mala-termica","21":"product_tag-ecologico","22":"product_tag-malas-termicas","23":"product_tag-ecologicos","24":"product_tag-isolamento-termico","25":"product_tag-amigo-do-ambiente","26":"product_tag-saco-para-almoco","28":"first","29":"instock","30":"shipping-taxable","31":"purchasable","32":"product-type-variable","33":"has-default-attributes"},"_links":{"self":[{"href":"https:\/\/ninja.encktemp.com.br\/speedbrindes\/wp-json\/wp\/v2\/product\/232109","targetHints":{"allow":["GET"]}}],"collection":[{"href":"https:\/\/ninja.encktemp.com.br\/speedbrindes\/wp-json\/wp\/v2\/product"}],"about":[{"href":"https:\/\/ninja.encktemp.com.br\/speedbrindes\/wp-json\/wp\/v2\/types\/product"}],"replies":[{"embeddable":true,"href":"https:\/\/ninja.encktemp.com.br\/speedbrindes\/wp-json\/wp\/v2\/comments?post=232109"}],"wp:featuredmedia":[{"embeddable":true,"href":"https:\/\/ninja.encktemp.com.br\/speedbrindes\/wp-json\/wp\/v2\/media\/211507"}],"wp:attachment":[{"href":"https:\/\/ninja.encktemp.com.br\/speedbrindes\/wp-json\/wp\/v2\/media?parent=232109"}],"wp:term":[{"taxonomy":"product_brand","embeddable":true,"href":"https:\/\/ninja.encktemp.com.br\/speedbrindes\/wp-json\/wp\/v2\/product_brand?post=232109"},{"taxonomy":"product_cat","embeddable":true,"href":"https:\/\/ninja.encktemp.com.br\/speedbrindes\/wp-json\/wp\/v2\/product_cat?post=232109"},{"taxonomy":"product_tag","embeddable":true,"href":"https:\/\/ninja.encktemp.com.br\/speedbrindes\/wp-json\/wp\/v2\/product_tag?post=232109"}],"curies":[{"name":"wp","href":"https:\/\/api.w.org\/{rel}","templated":true}]}}