{"id":231740,"date":"2025-12-05T19:00:59","date_gmt":"2025-12-05T22:00:59","guid":{"rendered":"https:\/\/ninja.encktemp.com.br\/speedbrindes\/product\/produto-123\/"},"modified":"2026-01-18T03:46:15","modified_gmt":"2026-01-18T06:46:15","slug":"produto-123","status":"publish","type":"product","link":"https:\/\/ninja.encktemp.com.br\/speedbrindes\/product\/produto-123\/","title":{"rendered":"LANA FROST. Esferogr\u00e1fica em ABS com acabamento transl\u00facido e escrita em azul"},"content":{"rendered":"<p>Esferogr\u00e1fica em ABS com acabamento transl\u00facido. Escrita em azul at\u00e9 1.5 km. Produto certificado de acordo com a portaria Inmetro n\u00ba423 de 8\/out\/2021. \u00f89 x 141 mm<\/p>\n","protected":false},"excerpt":{"rendered":"<p>Esferogr\u00e1fica em ABS com acabamento transl\u00facido. Escrita em azul at\u00e9 1.5 km. Produto certificado de acordo com a portaria Inmetro [&hellip;]<\/p>\n","protected":false},"featured_media":202884,"comment_status":"open","ping_status":"closed","template":"","meta":[],"product_brand":[2684],"product_cat":[1457,395,914],"product_tag":[900,902,930,931,932,1090,1091],"class_list":{"0":"post-231740","1":"product","2":"type-product","3":"status-publish","4":"has-post-thumbnail","6":"product_brand-spot-gifts","7":"product_cat-1457","8":"product_cat-canetas","9":"product_cat-914","10":"product_tag-certificado","11":"product_tag-certificados","12":"product_tag-caneta","13":"product_tag-canetas","14":"product_tag-esferograficas","15":"product_tag-top-pen","16":"product_tag-esferograficas-top-pen","18":"first","19":"instock","20":"shipping-taxable","21":"purchasable","22":"product-type-variable","23":"has-default-attributes"},"_links":{"self":[{"href":"https:\/\/ninja.encktemp.com.br\/speedbrindes\/wp-json\/wp\/v2\/product\/231740","targetHints":{"allow":["GET"]}}],"collection":[{"href":"https:\/\/ninja.encktemp.com.br\/speedbrindes\/wp-json\/wp\/v2\/product"}],"about":[{"href":"https:\/\/ninja.encktemp.com.br\/speedbrindes\/wp-json\/wp\/v2\/types\/product"}],"replies":[{"embeddable":true,"href":"https:\/\/ninja.encktemp.com.br\/speedbrindes\/wp-json\/wp\/v2\/comments?post=231740"}],"wp:featuredmedia":[{"embeddable":true,"href":"https:\/\/ninja.encktemp.com.br\/speedbrindes\/wp-json\/wp\/v2\/media\/202884"}],"wp:attachment":[{"href":"https:\/\/ninja.encktemp.com.br\/speedbrindes\/wp-json\/wp\/v2\/media?parent=231740"}],"wp:term":[{"taxonomy":"product_brand","embeddable":true,"href":"https:\/\/ninja.encktemp.com.br\/speedbrindes\/wp-json\/wp\/v2\/product_brand?post=231740"},{"taxonomy":"product_cat","embeddable":true,"href":"https:\/\/ninja.encktemp.com.br\/speedbrindes\/wp-json\/wp\/v2\/product_cat?post=231740"},{"taxonomy":"product_tag","embeddable":true,"href":"https:\/\/ninja.encktemp.com.br\/speedbrindes\/wp-json\/wp\/v2\/product_tag?post=231740"}],"curies":[{"name":"wp","href":"https:\/\/api.w.org\/{rel}","templated":true}]}}