{"id":231606,"date":"2025-12-05T19:00:06","date_gmt":"2025-12-05T22:00:06","guid":{"rendered":"https:\/\/ninja.encktemp.com.br\/speedbrindes\/product\/produto-102\/"},"modified":"2026-01-18T03:46:16","modified_gmt":"2026-01-18T06:46:16","slug":"produto-102","status":"publish","type":"product","link":"https:\/\/ninja.encktemp.com.br\/speedbrindes\/product\/produto-102\/","title":{"rendered":"HOOK MATTE. Esferogr\u00e1fica em bronze"},"content":{"rendered":"<p>A esferogr\u00e1fica Hook Matte \u00e9 elegante e sofisticada, que dificilmente passa despercebida. Trata-se de uma esferogr\u00e1fica em bronze, com mecanismo twist, cromagem brilhante e clipe com mola em ferro, que lhe garante for\u00e7a e flexibilidade. A ponteira em bronze com cromagem brilhante e o corpo com duplo acabamento (interior platinado e exterior laqueado mate) refor\u00e7am, n\u00e3o s\u00f3 o design elegante, como a qualidade da Hook Matte. Tem recarga em metal G2, com tinta Dokumental\u00ae azul, at\u00e9 2km de escrita. Fornecida em caixa presente. \u00f811 x 138 mm | Caixa: 187 x 53 x 28 mm<\/p>\n","protected":false},"excerpt":{"rendered":"<p>A esferogr\u00e1fica Hook Matte \u00e9 elegante e sofisticada, que dificilmente passa despercebida. Trata-se de uma esferogr\u00e1fica em bronze, com mecanismo [&hellip;]<\/p>\n","protected":false},"featured_media":203177,"comment_status":"open","ping_status":"closed","template":"","meta":[],"product_brand":[2684],"product_cat":[2953,395,914,1456],"product_tag":[900,902,930,931,932,1258],"class_list":{"0":"post-231606","1":"product","2":"type-product","3":"status-publish","4":"has-post-thumbnail","6":"product_brand-spot-gifts","7":"product_cat-canetas-metal","8":"product_cat-canetas","9":"product_cat-914","10":"product_cat-1456","11":"product_tag-certificado","12":"product_tag-certificados","13":"product_tag-caneta","14":"product_tag-canetas","15":"product_tag-esferograficas","16":"product_tag-branve","18":"first","19":"instock","20":"shipping-taxable","21":"purchasable","22":"product-type-variable","23":"has-default-attributes"},"_links":{"self":[{"href":"https:\/\/ninja.encktemp.com.br\/speedbrindes\/wp-json\/wp\/v2\/product\/231606","targetHints":{"allow":["GET"]}}],"collection":[{"href":"https:\/\/ninja.encktemp.com.br\/speedbrindes\/wp-json\/wp\/v2\/product"}],"about":[{"href":"https:\/\/ninja.encktemp.com.br\/speedbrindes\/wp-json\/wp\/v2\/types\/product"}],"replies":[{"embeddable":true,"href":"https:\/\/ninja.encktemp.com.br\/speedbrindes\/wp-json\/wp\/v2\/comments?post=231606"}],"wp:featuredmedia":[{"embeddable":true,"href":"https:\/\/ninja.encktemp.com.br\/speedbrindes\/wp-json\/wp\/v2\/media\/203177"}],"wp:attachment":[{"href":"https:\/\/ninja.encktemp.com.br\/speedbrindes\/wp-json\/wp\/v2\/media?parent=231606"}],"wp:term":[{"taxonomy":"product_brand","embeddable":true,"href":"https:\/\/ninja.encktemp.com.br\/speedbrindes\/wp-json\/wp\/v2\/product_brand?post=231606"},{"taxonomy":"product_cat","embeddable":true,"href":"https:\/\/ninja.encktemp.com.br\/speedbrindes\/wp-json\/wp\/v2\/product_cat?post=231606"},{"taxonomy":"product_tag","embeddable":true,"href":"https:\/\/ninja.encktemp.com.br\/speedbrindes\/wp-json\/wp\/v2\/product_tag?post=231606"}],"curies":[{"name":"wp","href":"https:\/\/api.w.org\/{rel}","templated":true}]}}