{"id":231436,"date":"2025-12-05T18:58:37","date_gmt":"2025-12-05T21:58:37","guid":{"rendered":"https:\/\/ninja.encktemp.com.br\/speedbrindes\/product\/produto-72\/"},"modified":"2026-04-08T04:42:58","modified_gmt":"2026-04-08T07:42:58","slug":"produto-72","status":"publish","type":"product","link":"https:\/\/ninja.encktemp.com.br\/speedbrindes\/product\/produto-72\/","title":{"rendered":"CASSINI 4&#8217;0. Bateria port\u00e1til com carregador wireless em alum\u00ednio 100% reciclado e capacidade de 4&#8217;000 mAh"},"content":{"rendered":"","protected":false},"excerpt":{"rendered":"<p>Bateria port\u00e1til com carregador wireless em alum\u00ednio 100% reciclado. Bateria de pol\u00edmero de l\u00edtio com capacidade de 4&#8217;000 mAh e tempo de vida de \u2265 500 ciclos. Com LED indicador de carga, uma porta de entrada USB-C, uma porta de sa\u00edda USB-A e pot\u00eancia de carregamento sem fios de 5W. Incluso cabo USB-C para carregar a bateria. Fornecida em caixa presente de papel kraft reciclado.Cor 104 e 127: fornecidas em caixa presente preta com janela 123 x 70 x 10 mm<\/p>\n<p><strong>Peso:<\/strong> 1 kg<\/p>\n","protected":false},"featured_media":203667,"comment_status":"open","ping_status":"closed","template":"","meta":[],"product_brand":[2684],"product_cat":[916,917],"product_tag":[905,1319,906,907,908,909,910,911,912,913],"class_list":{"0":"post-231436","1":"product","2":"type-product","3":"status-publish","4":"has-post-thumbnail","6":"product_brand-spot-gifts","7":"product_cat-916","8":"product_cat-917","9":"product_tag-carregador-portatil","10":"product_tag-1319","11":"product_tag-carregadores-portateis","12":"product_tag-baterias-portateis","13":"product_tag-powerbank","14":"product_tag-powerbanks","15":"product_tag-power-bank","16":"product_tag-power-banks","17":"product_tag-912","18":"product_tag-bluetooth","20":"first","21":"instock","22":"shipping-taxable","23":"purchasable","24":"product-type-variable","25":"has-default-attributes"},"_links":{"self":[{"href":"https:\/\/ninja.encktemp.com.br\/speedbrindes\/wp-json\/wp\/v2\/product\/231436","targetHints":{"allow":["GET"]}}],"collection":[{"href":"https:\/\/ninja.encktemp.com.br\/speedbrindes\/wp-json\/wp\/v2\/product"}],"about":[{"href":"https:\/\/ninja.encktemp.com.br\/speedbrindes\/wp-json\/wp\/v2\/types\/product"}],"replies":[{"embeddable":true,"href":"https:\/\/ninja.encktemp.com.br\/speedbrindes\/wp-json\/wp\/v2\/comments?post=231436"}],"wp:featuredmedia":[{"embeddable":true,"href":"https:\/\/ninja.encktemp.com.br\/speedbrindes\/wp-json\/wp\/v2\/media\/203667"}],"wp:attachment":[{"href":"https:\/\/ninja.encktemp.com.br\/speedbrindes\/wp-json\/wp\/v2\/media?parent=231436"}],"wp:term":[{"taxonomy":"product_brand","embeddable":true,"href":"https:\/\/ninja.encktemp.com.br\/speedbrindes\/wp-json\/wp\/v2\/product_brand?post=231436"},{"taxonomy":"product_cat","embeddable":true,"href":"https:\/\/ninja.encktemp.com.br\/speedbrindes\/wp-json\/wp\/v2\/product_cat?post=231436"},{"taxonomy":"product_tag","embeddable":true,"href":"https:\/\/ninja.encktemp.com.br\/speedbrindes\/wp-json\/wp\/v2\/product_tag?post=231436"}],"curies":[{"name":"wp","href":"https:\/\/api.w.org\/{rel}","templated":true}]}}