{"id":171925,"date":"2025-10-15T03:07:02","date_gmt":"2025-10-15T06:07:02","guid":{"rendered":"https:\/\/ninja.encktemp.com.br\/speedbrindes\/product\/conj-de-xicaras-express-c-pires-4-pcs\/"},"modified":"2026-04-03T21:11:57","modified_gmt":"2026-04-04T00:11:57","slug":"conj-de-xicaras-express-c-pires-4-pcs","status":"publish","type":"product","link":"https:\/\/ninja.encktemp.com.br\/speedbrindes\/product\/conj-de-xicaras-express-c-pires-4-pcs\/","title":{"rendered":"CONJ. DE X\u00cdCARAS EXPRESS C\/ PIRES &#8211; 4 P\u00c7S"},"content":{"rendered":"<p>Conjunto de quatro x\u00edcaras americano com pires em vidro.<br \/>\nCapacidade: 90 ml cada.<\/p>\n<p><strong>Grava\u00e7\u00e3o:<\/strong> Uma grava\u00e7\u00e3o a Laser nas quatro x\u00edcaras e uma em Silk\/Digital na tampa da caixa.<\/p>\n<p><strong>Dimens\u00f5es:<\/strong> X\u00edcara: 6,5&#215;7,5&#215;5,6 cm \/ Pires: 1,5&#215;10,9&#215;10,9 cm<\/p>\n<p><strong>Embalagem:<\/strong> Caixa Preta<\/p>\n<p><strong>Dimens\u00f5es da Embalagem:<\/strong> 355x245x93 mm (AxLxP)<\/p>\n<p><strong>Peso da Embalagem:<\/strong> 973 g<\/p>\n<p><strong>Garantia:<\/strong> Contra defeitos de fabrica\u00e7\u00e3o<\/p>\n<p><strong>NCM:<\/strong> 70134900<\/p>\n<p><em>Atualizado em: 2026-04-03 11:50:54<\/em><\/p>\n","protected":false},"excerpt":{"rendered":"<p>Conjunto de quatro x\u00edcaras americano com pires em vidro. Capacidade: 90 ml cada. Grava\u00e7\u00e3o: Uma grava\u00e7\u00e3o a Laser nas quatro [&hellip;]<\/p>\n","protected":false},"featured_media":363748,"comment_status":"open","ping_status":"closed","template":"","meta":[],"product_brand":[2683],"product_cat":[439,456,3814],"product_tag":[],"class_list":{"0":"post-171925","1":"product","2":"type-product","3":"status-publish","4":"has-post-thumbnail","6":"product_brand-so-marcas","7":"product_cat-copos-canecas-squeezes-e-garrafas","8":"product_cat-lancamentos-copos-canecas-squeezes-e-garrafas","9":"product_cat-lancamentos-speed","11":"first","12":"instock","13":"shipping-taxable","14":"purchasable","15":"product-type-simple"},"_links":{"self":[{"href":"https:\/\/ninja.encktemp.com.br\/speedbrindes\/wp-json\/wp\/v2\/product\/171925","targetHints":{"allow":["GET"]}}],"collection":[{"href":"https:\/\/ninja.encktemp.com.br\/speedbrindes\/wp-json\/wp\/v2\/product"}],"about":[{"href":"https:\/\/ninja.encktemp.com.br\/speedbrindes\/wp-json\/wp\/v2\/types\/product"}],"replies":[{"embeddable":true,"href":"https:\/\/ninja.encktemp.com.br\/speedbrindes\/wp-json\/wp\/v2\/comments?post=171925"}],"wp:featuredmedia":[{"embeddable":true,"href":"https:\/\/ninja.encktemp.com.br\/speedbrindes\/wp-json\/wp\/v2\/media\/363748"}],"wp:attachment":[{"href":"https:\/\/ninja.encktemp.com.br\/speedbrindes\/wp-json\/wp\/v2\/media?parent=171925"}],"wp:term":[{"taxonomy":"product_brand","embeddable":true,"href":"https:\/\/ninja.encktemp.com.br\/speedbrindes\/wp-json\/wp\/v2\/product_brand?post=171925"},{"taxonomy":"product_cat","embeddable":true,"href":"https:\/\/ninja.encktemp.com.br\/speedbrindes\/wp-json\/wp\/v2\/product_cat?post=171925"},{"taxonomy":"product_tag","embeddable":true,"href":"https:\/\/ninja.encktemp.com.br\/speedbrindes\/wp-json\/wp\/v2\/product_tag?post=171925"}],"curies":[{"name":"wp","href":"https:\/\/api.w.org\/{rel}","templated":true}]}}