{"id":171398,"date":"2025-10-15T00:12:02","date_gmt":"2025-10-15T03:12:02","guid":{"rendered":"https:\/\/ninja.encktemp.com.br\/speedbrindes\/product\/umidificador-2\/"},"modified":"2025-12-12T11:54:12","modified_gmt":"2025-12-12T14:54:12","slug":"umidificador-2","status":"publish","type":"product","link":"https:\/\/ninja.encktemp.com.br\/speedbrindes\/product\/umidificador-2\/","title":{"rendered":"Umidificador"},"content":{"rendered":"<p>Umidificador de ar com difusor de \u00f3leo essencial \u00e0 base de \u00e1gua\u00a0via USB. Feito com ABS recicl\u00e1vel+ PP, com capacidade de 300ml. Na parte da tampa sua luz pode ser acesa tendo a possibilidade de cor LED OU RGB, ideal para uso em\u00a0escrit\u00f3rio ou em casa.<\/p>\n<p>Acompanha cabo USB.<\/p>\n","protected":false},"excerpt":{"rendered":"<p>Umidificador de ar com difusor de \u00f3leo essencial \u00e0 base de \u00e1gua\u00a0via USB. Feito com ABS recicl\u00e1vel+ PP, com capacidade [&hellip;]<\/p>\n","protected":false},"featured_media":0,"comment_status":"open","ping_status":"closed","template":"","meta":[],"product_brand":[2877],"product_cat":[1080,2796],"product_tag":[],"class_list":{"0":"post-171398","1":"product","2":"type-product","3":"status-publish","5":"product_brand-asia-imports","6":"product_cat-diversos","7":"product_cat-umidificadores","9":"first","10":"instock","11":"shipping-taxable","12":"purchasable","13":"product-type-simple"},"_links":{"self":[{"href":"https:\/\/ninja.encktemp.com.br\/speedbrindes\/wp-json\/wp\/v2\/product\/171398","targetHints":{"allow":["GET"]}}],"collection":[{"href":"https:\/\/ninja.encktemp.com.br\/speedbrindes\/wp-json\/wp\/v2\/product"}],"about":[{"href":"https:\/\/ninja.encktemp.com.br\/speedbrindes\/wp-json\/wp\/v2\/types\/product"}],"replies":[{"embeddable":true,"href":"https:\/\/ninja.encktemp.com.br\/speedbrindes\/wp-json\/wp\/v2\/comments?post=171398"}],"wp:attachment":[{"href":"https:\/\/ninja.encktemp.com.br\/speedbrindes\/wp-json\/wp\/v2\/media?parent=171398"}],"wp:term":[{"taxonomy":"product_brand","embeddable":true,"href":"https:\/\/ninja.encktemp.com.br\/speedbrindes\/wp-json\/wp\/v2\/product_brand?post=171398"},{"taxonomy":"product_cat","embeddable":true,"href":"https:\/\/ninja.encktemp.com.br\/speedbrindes\/wp-json\/wp\/v2\/product_cat?post=171398"},{"taxonomy":"product_tag","embeddable":true,"href":"https:\/\/ninja.encktemp.com.br\/speedbrindes\/wp-json\/wp\/v2\/product_tag?post=171398"}],"curies":[{"name":"wp","href":"https:\/\/api.w.org\/{rel}","templated":true}]}}