{"id":171114,"date":"2025-10-15T00:10:20","date_gmt":"2025-10-15T03:10:20","guid":{"rendered":"https:\/\/ninja.encktemp.com.br\/speedbrindes\/product\/necessaire-em-pu-3\/"},"modified":"2025-12-12T11:52:50","modified_gmt":"2025-12-12T14:52:50","slug":"necessaire-em-pu-3","status":"publish","type":"product","link":"https:\/\/ninja.encktemp.com.br\/speedbrindes\/product\/necessaire-em-pu-3\/","title":{"rendered":"N\u00e9cessaire em PU"},"content":{"rendered":"<p>N\u00e9cessaire em PU no tecido externo e forro em sint\u00e9tico Bidim com al\u00e7a lateral. Grava\u00e7\u00e3o frontal na op\u00e7\u00f5es: serigrafia e plaquinha.<\/p>\n","protected":false},"excerpt":{"rendered":"<p>N\u00e9cessaire em PU no tecido externo e forro em sint\u00e9tico Bidim com al\u00e7a lateral. Grava\u00e7\u00e3o frontal na op\u00e7\u00f5es: serigrafia e [&hellip;]<\/p>\n","protected":false},"featured_media":0,"comment_status":"open","ping_status":"closed","template":"","meta":[],"product_brand":[2877],"product_cat":[2733,2791],"product_tag":[2787],"class_list":{"0":"post-171114","1":"product","2":"type-product","3":"status-publish","5":"product_brand-asia-imports","6":"product_cat-mochilas-malas","7":"product_cat-necessaire","8":"product_tag-couro-sintetico","10":"first","11":"instock","12":"shipping-taxable","13":"purchasable","14":"product-type-simple"},"_links":{"self":[{"href":"https:\/\/ninja.encktemp.com.br\/speedbrindes\/wp-json\/wp\/v2\/product\/171114","targetHints":{"allow":["GET"]}}],"collection":[{"href":"https:\/\/ninja.encktemp.com.br\/speedbrindes\/wp-json\/wp\/v2\/product"}],"about":[{"href":"https:\/\/ninja.encktemp.com.br\/speedbrindes\/wp-json\/wp\/v2\/types\/product"}],"replies":[{"embeddable":true,"href":"https:\/\/ninja.encktemp.com.br\/speedbrindes\/wp-json\/wp\/v2\/comments?post=171114"}],"wp:attachment":[{"href":"https:\/\/ninja.encktemp.com.br\/speedbrindes\/wp-json\/wp\/v2\/media?parent=171114"}],"wp:term":[{"taxonomy":"product_brand","embeddable":true,"href":"https:\/\/ninja.encktemp.com.br\/speedbrindes\/wp-json\/wp\/v2\/product_brand?post=171114"},{"taxonomy":"product_cat","embeddable":true,"href":"https:\/\/ninja.encktemp.com.br\/speedbrindes\/wp-json\/wp\/v2\/product_cat?post=171114"},{"taxonomy":"product_tag","embeddable":true,"href":"https:\/\/ninja.encktemp.com.br\/speedbrindes\/wp-json\/wp\/v2\/product_tag?post=171114"}],"curies":[{"name":"wp","href":"https:\/\/api.w.org\/{rel}","templated":true}]}}