{"id":170876,"date":"2025-10-15T00:08:56","date_gmt":"2025-10-15T03:08:56","guid":{"rendered":"https:\/\/ninja.encktemp.com.br\/speedbrindes\/product\/mochila-pasta-premium-para-notebook\/"},"modified":"2025-12-12T11:51:46","modified_gmt":"2025-12-12T14:51:46","slug":"mochila-pasta-premium-para-notebook","status":"publish","type":"product","link":"https:\/\/ninja.encktemp.com.br\/speedbrindes\/product\/mochila-pasta-premium-para-notebook\/","title":{"rendered":"Mochila Pasta Premium para notebook"},"content":{"rendered":"<p>Mochila\/Pasta premium, produzida em poli\u00e9ster com detalhe em PU, al\u00e7as de ombro acolchoadas, interior com divis\u00f3rias com z\u00edper para acomodar pequenos objetos, dois bolsos frontais com z\u00edper, na parte das costas uma divis\u00f3ria com z\u00edper, engate para mala de viagem, aceita notebook de at\u00e9 15,6\u201d, porta USB tipo C na lateral.<\/p>\n","protected":false},"excerpt":{"rendered":"<p>Mochila\/Pasta premium, produzida em poli\u00e9ster com detalhe em PU, al\u00e7as de ombro acolchoadas, interior com divis\u00f3rias com z\u00edper para acomodar [&hellip;]<\/p>\n","protected":false},"featured_media":0,"comment_status":"open","ping_status":"closed","template":"","meta":[],"product_brand":[2877],"product_cat":[3721,250,2733,2778,2781,2784,2785,2789,3720],"product_tag":[],"class_list":{"0":"post-170876","1":"product","2":"type-product","3":"status-publish","5":"product_brand-asia-imports","6":"product_cat-mochila-pasta","7":"product_cat-mochilas","8":"product_cat-mochilas-malas","9":"product_cat-malas-maletas","10":"product_cat-impermeavel","11":"product_cat-p-notebooks","12":"product_cat-engate-mala-de-viagem","13":"product_cat-premium","14":"product_cat-executivas","16":"first","17":"instock","18":"shipping-taxable","19":"purchasable","20":"product-type-simple"},"_links":{"self":[{"href":"https:\/\/ninja.encktemp.com.br\/speedbrindes\/wp-json\/wp\/v2\/product\/170876","targetHints":{"allow":["GET"]}}],"collection":[{"href":"https:\/\/ninja.encktemp.com.br\/speedbrindes\/wp-json\/wp\/v2\/product"}],"about":[{"href":"https:\/\/ninja.encktemp.com.br\/speedbrindes\/wp-json\/wp\/v2\/types\/product"}],"replies":[{"embeddable":true,"href":"https:\/\/ninja.encktemp.com.br\/speedbrindes\/wp-json\/wp\/v2\/comments?post=170876"}],"wp:attachment":[{"href":"https:\/\/ninja.encktemp.com.br\/speedbrindes\/wp-json\/wp\/v2\/media?parent=170876"}],"wp:term":[{"taxonomy":"product_brand","embeddable":true,"href":"https:\/\/ninja.encktemp.com.br\/speedbrindes\/wp-json\/wp\/v2\/product_brand?post=170876"},{"taxonomy":"product_cat","embeddable":true,"href":"https:\/\/ninja.encktemp.com.br\/speedbrindes\/wp-json\/wp\/v2\/product_cat?post=170876"},{"taxonomy":"product_tag","embeddable":true,"href":"https:\/\/ninja.encktemp.com.br\/speedbrindes\/wp-json\/wp\/v2\/product_tag?post=170876"}],"curies":[{"name":"wp","href":"https:\/\/api.w.org\/{rel}","templated":true}]}}