{"id":170487,"date":"2025-10-15T00:06:38","date_gmt":"2025-10-15T03:06:38","guid":{"rendered":"https:\/\/ninja.encktemp.com.br\/speedbrindes\/product\/mala-executiva-em-poliester-600d\/"},"modified":"2025-12-30T06:08:23","modified_gmt":"2025-12-30T09:08:23","slug":"mala-executiva-em-poliester-600d","status":"publish","type":"product","link":"https:\/\/ninja.encktemp.com.br\/speedbrindes\/product\/mala-executiva-em-poliester-600d\/","title":{"rendered":"Mala Executiva em Poli\u00e9ster 600D"},"content":{"rendered":"<p>Mala executiva em poli\u00e9ster 600D com interior em 210D, compartimento interno com z\u00edper, \u00a0al\u00e7a de ombro e m\u00e3o, entrada usb, cadeado com senha\/segredo, cadeado tipo TSA e compartimento para notebook de at\u00e9 15,6&#8243;.<\/p>\n","protected":false},"excerpt":{"rendered":"<p>Mala executiva em poli\u00e9ster 600D com interior em 210D, compartimento interno com z\u00edper, \u00a0al\u00e7a de ombro e m\u00e3o, entrada usb, [&hellip;]<\/p>\n","protected":false},"featured_media":0,"comment_status":"open","ping_status":"closed","template":"","meta":[],"product_brand":[2877],"product_cat":[2733,2778,2781,3719],"product_tag":[],"class_list":{"0":"post-170487","1":"product","2":"type-product","3":"status-publish","5":"product_brand-asia-imports","6":"product_cat-mochilas-malas","7":"product_cat-malas-maletas","8":"product_cat-impermeavel","9":"product_cat-esportivas","11":"first","12":"instock","13":"shipping-taxable","14":"purchasable","15":"product-type-simple"},"_links":{"self":[{"href":"https:\/\/ninja.encktemp.com.br\/speedbrindes\/wp-json\/wp\/v2\/product\/170487","targetHints":{"allow":["GET"]}}],"collection":[{"href":"https:\/\/ninja.encktemp.com.br\/speedbrindes\/wp-json\/wp\/v2\/product"}],"about":[{"href":"https:\/\/ninja.encktemp.com.br\/speedbrindes\/wp-json\/wp\/v2\/types\/product"}],"replies":[{"embeddable":true,"href":"https:\/\/ninja.encktemp.com.br\/speedbrindes\/wp-json\/wp\/v2\/comments?post=170487"}],"wp:attachment":[{"href":"https:\/\/ninja.encktemp.com.br\/speedbrindes\/wp-json\/wp\/v2\/media?parent=170487"}],"wp:term":[{"taxonomy":"product_brand","embeddable":true,"href":"https:\/\/ninja.encktemp.com.br\/speedbrindes\/wp-json\/wp\/v2\/product_brand?post=170487"},{"taxonomy":"product_cat","embeddable":true,"href":"https:\/\/ninja.encktemp.com.br\/speedbrindes\/wp-json\/wp\/v2\/product_cat?post=170487"},{"taxonomy":"product_tag","embeddable":true,"href":"https:\/\/ninja.encktemp.com.br\/speedbrindes\/wp-json\/wp\/v2\/product_tag?post=170487"}],"curies":[{"name":"wp","href":"https:\/\/api.w.org\/{rel}","templated":true}]}}