{"id":170405,"date":"2025-10-15T00:06:07","date_gmt":"2025-10-15T03:06:07","guid":{"rendered":"https:\/\/ninja.encktemp.com.br\/speedbrindes\/product\/mala-de-bordo-em-plastico-abs-7\/"},"modified":"2025-12-12T08:12:09","modified_gmt":"2025-12-12T11:12:09","slug":"mala-de-bordo-em-plastico-abs-7","status":"publish","type":"product","link":"https:\/\/ninja.encktemp.com.br\/speedbrindes\/product\/mala-de-bordo-em-plastico-abs-7\/","title":{"rendered":"Mala de Bordo em Pl\u00e1stico ABS"},"content":{"rendered":"<p>Mala de bordo em pl\u00e1stico ABS e interior em poli\u00e9ster 210D ;<br \/>\nCadeado tipo TSA;<br \/>\nEntrada USB e tipo C\u00a0ideal para carregamento de smartphones;<br \/>\nAbertura frontal com ziper para acesso ao interior da mala;<br \/>\nForro poli\u00e9ster;<br \/>\nCadeado com senha\/segredo;<br \/>\nSistema de carrinho de a\u00e7o;<br \/>\nAl\u00e7a de m\u00e3o na lateral e na parte superior;<br \/>\nQuatro rodas de 360 graus;<br \/>\nAcompanha Plaquinha de metal (4,1\u00f8cm) sem personaliza\u00e7\u00e3o. Mala perfurada para aplica\u00e7\u00e3o da plaquinha.<\/p>\n","protected":false},"excerpt":{"rendered":"<p>Mala de bordo em pl\u00e1stico ABS e interior em poli\u00e9ster 210D ; Cadeado tipo TSA; Entrada USB e tipo C\u00a0ideal [&hellip;]<\/p>\n","protected":false},"featured_media":0,"comment_status":"open","ping_status":"closed","template":"","meta":[],"product_brand":[2877],"product_cat":[2733,2778,2779],"product_tag":[2742,2743],"class_list":{"0":"post-170405","1":"product","2":"type-product","3":"status-publish","5":"product_brand-asia-imports","6":"product_cat-mochilas-malas","7":"product_cat-malas-maletas","8":"product_cat-malas-viagem","9":"product_tag-promocao","10":"product_tag-ofertas","12":"first","13":"onbackorder","14":"shipping-taxable","15":"purchasable","16":"product-type-simple"},"_links":{"self":[{"href":"https:\/\/ninja.encktemp.com.br\/speedbrindes\/wp-json\/wp\/v2\/product\/170405","targetHints":{"allow":["GET"]}}],"collection":[{"href":"https:\/\/ninja.encktemp.com.br\/speedbrindes\/wp-json\/wp\/v2\/product"}],"about":[{"href":"https:\/\/ninja.encktemp.com.br\/speedbrindes\/wp-json\/wp\/v2\/types\/product"}],"replies":[{"embeddable":true,"href":"https:\/\/ninja.encktemp.com.br\/speedbrindes\/wp-json\/wp\/v2\/comments?post=170405"}],"wp:attachment":[{"href":"https:\/\/ninja.encktemp.com.br\/speedbrindes\/wp-json\/wp\/v2\/media?parent=170405"}],"wp:term":[{"taxonomy":"product_brand","embeddable":true,"href":"https:\/\/ninja.encktemp.com.br\/speedbrindes\/wp-json\/wp\/v2\/product_brand?post=170405"},{"taxonomy":"product_cat","embeddable":true,"href":"https:\/\/ninja.encktemp.com.br\/speedbrindes\/wp-json\/wp\/v2\/product_cat?post=170405"},{"taxonomy":"product_tag","embeddable":true,"href":"https:\/\/ninja.encktemp.com.br\/speedbrindes\/wp-json\/wp\/v2\/product_tag?post=170405"}],"curies":[{"name":"wp","href":"https:\/\/api.w.org\/{rel}","templated":true}]}}