{"id":168240,"date":"2025-10-14T23:13:13","date_gmt":"2025-10-15T02:13:13","guid":{"rendered":"https:\/\/ninja.encktemp.com.br\/speedbrindes\/product\/caderno-capa-em-poliester-2\/"},"modified":"2025-12-12T11:37:00","modified_gmt":"2025-12-12T14:37:00","slug":"caderno-capa-em-poliester-2","status":"publish","type":"product","link":"https:\/\/ninja.encktemp.com.br\/speedbrindes\/product\/caderno-capa-em-poliester-2\/","title":{"rendered":"Caderno A5 Capa em Poli\u00e9ster"},"content":{"rendered":"<p>Caderno de anota\u00e7\u00f5es com el\u00e1stico, suporte para celular e caneta, capa dura em material sint\u00e9tico, miolo 80 folhas pautadas na cor bege, N\u00c3O ACOMPANHA CANETA E SMARTPHONE<\/p>\n","protected":false},"excerpt":{"rendered":"<p>Caderno de anota\u00e7\u00f5es com el\u00e1stico, suporte para celular e caneta, capa dura em material sint\u00e9tico, miolo 80 folhas pautadas na [&hellip;]<\/p>\n","protected":false},"featured_media":0,"comment_status":"open","ping_status":"closed","template":"","meta":[],"product_brand":[2877],"product_cat":[447,2738,3709],"product_tag":[2740,2742,2743,3710],"class_list":{"0":"post-168240","1":"product","2":"type-product","3":"status-publish","5":"product_brand-asia-imports","6":"product_cat-escritorio","7":"product_cat-cadernos","8":"product_cat-caderno-brochura","9":"product_tag-com-pauta","10":"product_tag-promocao","11":"product_tag-ofertas","12":"product_tag-cadernos-a5","14":"first","15":"instock","16":"shipping-taxable","17":"purchasable","18":"product-type-simple"},"_links":{"self":[{"href":"https:\/\/ninja.encktemp.com.br\/speedbrindes\/wp-json\/wp\/v2\/product\/168240","targetHints":{"allow":["GET"]}}],"collection":[{"href":"https:\/\/ninja.encktemp.com.br\/speedbrindes\/wp-json\/wp\/v2\/product"}],"about":[{"href":"https:\/\/ninja.encktemp.com.br\/speedbrindes\/wp-json\/wp\/v2\/types\/product"}],"replies":[{"embeddable":true,"href":"https:\/\/ninja.encktemp.com.br\/speedbrindes\/wp-json\/wp\/v2\/comments?post=168240"}],"wp:attachment":[{"href":"https:\/\/ninja.encktemp.com.br\/speedbrindes\/wp-json\/wp\/v2\/media?parent=168240"}],"wp:term":[{"taxonomy":"product_brand","embeddable":true,"href":"https:\/\/ninja.encktemp.com.br\/speedbrindes\/wp-json\/wp\/v2\/product_brand?post=168240"},{"taxonomy":"product_cat","embeddable":true,"href":"https:\/\/ninja.encktemp.com.br\/speedbrindes\/wp-json\/wp\/v2\/product_cat?post=168240"},{"taxonomy":"product_tag","embeddable":true,"href":"https:\/\/ninja.encktemp.com.br\/speedbrindes\/wp-json\/wp\/v2\/product_tag?post=168240"}],"curies":[{"name":"wp","href":"https:\/\/api.w.org\/{rel}","templated":true}]}}