{"id":159083,"date":"2025-09-07T00:49:42","date_gmt":"2025-09-07T03:49:42","guid":{"rendered":"https:\/\/ninja.encktemp.com.br\/speedbrindes\/product\/porta-condimentos-em-bambu-com-acessorios\/"},"modified":"2026-04-06T21:12:35","modified_gmt":"2026-04-07T00:12:35","slug":"porta-condimentos-em-bambu-com-acessorios","status":"publish","type":"product","link":"https:\/\/ninja.encktemp.com.br\/speedbrindes\/product\/porta-condimentos-em-bambu-com-acessorios\/","title":{"rendered":"PORTA CONDIMENTOS EM BAMBU COM ACESS\u00d3RIOS"},"content":{"rendered":"<p>Porta Condimentos em Bambu\/A\u00e7o Inox com acess\u00f3rios. Acompanha base com furos para parede e suporte para rolo de papel toalha em Bambu; 4 porta condimentos em A\u00e7o Inox com tampa.<\/p>\n<p><strong>Grava\u00e7\u00e3o:<\/strong> Uma grava\u00e7\u00e3o a Laser na base.<\/p>\n<p><strong>Dimens\u00f5es:<\/strong> xx<\/p>\n<p><strong>Embalagem:<\/strong> Caixa preta<\/p>\n<p><strong>Dimens\u00f5es da Embalagem:<\/strong> 340x145x100 mm (AxLxP)<\/p>\n<p><strong>Peso da Embalagem:<\/strong> 70 g<\/p>\n<p><strong>Garantia:<\/strong> Contra defeitos de fabrica\u00e7\u00e3o<\/p>\n<p><strong>NCM:<\/strong> 44191900<\/p>\n<p><em>Atualizado em: 2026-04-06 11:51:27<\/em><\/p>\n","protected":false},"excerpt":{"rendered":"<p>Porta Condimentos em Bambu\/A\u00e7o Inox com acess\u00f3rios. Acompanha base com furos para parede e suporte para rolo de papel toalha [&hellip;]<\/p>\n","protected":false},"featured_media":364978,"comment_status":"open","ping_status":"closed","template":"","meta":[],"product_brand":[2683],"product_cat":[442,846],"product_tag":[],"class_list":{"0":"post-159083","1":"product","2":"type-product","3":"status-publish","4":"has-post-thumbnail","6":"product_brand-so-marcas","7":"product_cat-utensilios-e-utilidades","8":"product_cat-promocoes-utensilios-e-utilidades","10":"first","11":"instock","12":"shipping-taxable","13":"purchasable","14":"product-type-simple"},"_links":{"self":[{"href":"https:\/\/ninja.encktemp.com.br\/speedbrindes\/wp-json\/wp\/v2\/product\/159083","targetHints":{"allow":["GET"]}}],"collection":[{"href":"https:\/\/ninja.encktemp.com.br\/speedbrindes\/wp-json\/wp\/v2\/product"}],"about":[{"href":"https:\/\/ninja.encktemp.com.br\/speedbrindes\/wp-json\/wp\/v2\/types\/product"}],"replies":[{"embeddable":true,"href":"https:\/\/ninja.encktemp.com.br\/speedbrindes\/wp-json\/wp\/v2\/comments?post=159083"}],"wp:featuredmedia":[{"embeddable":true,"href":"https:\/\/ninja.encktemp.com.br\/speedbrindes\/wp-json\/wp\/v2\/media\/364978"}],"wp:attachment":[{"href":"https:\/\/ninja.encktemp.com.br\/speedbrindes\/wp-json\/wp\/v2\/media?parent=159083"}],"wp:term":[{"taxonomy":"product_brand","embeddable":true,"href":"https:\/\/ninja.encktemp.com.br\/speedbrindes\/wp-json\/wp\/v2\/product_brand?post=159083"},{"taxonomy":"product_cat","embeddable":true,"href":"https:\/\/ninja.encktemp.com.br\/speedbrindes\/wp-json\/wp\/v2\/product_cat?post=159083"},{"taxonomy":"product_tag","embeddable":true,"href":"https:\/\/ninja.encktemp.com.br\/speedbrindes\/wp-json\/wp\/v2\/product_tag?post=159083"}],"curies":[{"name":"wp","href":"https:\/\/api.w.org\/{rel}","templated":true}]}}