{"id":159034,"date":"2025-09-07T00:48:44","date_gmt":"2025-09-07T03:48:44","guid":{"rendered":"https:\/\/ninja.encktemp.com.br\/speedbrindes\/product\/saleiro-em-bambu-com-formato-de-coracao\/"},"modified":"2026-04-03T21:12:37","modified_gmt":"2026-04-04T00:12:37","slug":"saleiro-em-bambu-com-formato-de-coracao","status":"publish","type":"product","link":"https:\/\/ninja.encktemp.com.br\/speedbrindes\/product\/saleiro-em-bambu-com-formato-de-coracao\/","title":{"rendered":"SALEIRO EM BAMBU COM FORMATO DE CORA\u00c7\u00c3O"},"content":{"rendered":"<p>Saleiro em Bambu com formato de cora\u00e7\u00e3o.<\/p>\n<p><strong>Grava\u00e7\u00e3o:<\/strong> Uma grava\u00e7\u00e3o a Laser.<\/p>\n<p><strong>Dimens\u00f5es:<\/strong> 10,5&#215;10,5&#215;4,5cm<\/p>\n<p><strong>Embalagem:<\/strong> Kraft Preta<\/p>\n<p><strong>Dimens\u00f5es da Embalagem:<\/strong> 120x110x50 mm (AxLxP)<\/p>\n<p><strong>Peso da Embalagem:<\/strong> 197 g<\/p>\n<p><strong>Garantia:<\/strong> Contra defeitos de fabrica\u00e7\u00e3o<\/p>\n<p><strong>NCM:<\/strong> 44191900<\/p>\n<p><em>Atualizado em: 2026-04-03 11:51:08<\/em><\/p>\n","protected":false},"excerpt":{"rendered":"<p>Saleiro em Bambu com formato de cora\u00e7\u00e3o. Grava\u00e7\u00e3o: Uma grava\u00e7\u00e3o a Laser. Dimens\u00f5es: 10,5&#215;10,5&#215;4,5cm Embalagem: Kraft Preta Dimens\u00f5es da Embalagem: [&hellip;]<\/p>\n","protected":false},"featured_media":364967,"comment_status":"open","ping_status":"closed","template":"","meta":[],"product_brand":[2683],"product_cat":[442,461],"product_tag":[],"class_list":{"0":"post-159034","1":"product","2":"type-product","3":"status-publish","4":"has-post-thumbnail","6":"product_brand-so-marcas","7":"product_cat-utensilios-e-utilidades","8":"product_cat-welf-utensilios-e-utilidades","10":"first","11":"instock","12":"shipping-taxable","13":"purchasable","14":"product-type-simple"},"_links":{"self":[{"href":"https:\/\/ninja.encktemp.com.br\/speedbrindes\/wp-json\/wp\/v2\/product\/159034","targetHints":{"allow":["GET"]}}],"collection":[{"href":"https:\/\/ninja.encktemp.com.br\/speedbrindes\/wp-json\/wp\/v2\/product"}],"about":[{"href":"https:\/\/ninja.encktemp.com.br\/speedbrindes\/wp-json\/wp\/v2\/types\/product"}],"replies":[{"embeddable":true,"href":"https:\/\/ninja.encktemp.com.br\/speedbrindes\/wp-json\/wp\/v2\/comments?post=159034"}],"wp:featuredmedia":[{"embeddable":true,"href":"https:\/\/ninja.encktemp.com.br\/speedbrindes\/wp-json\/wp\/v2\/media\/364967"}],"wp:attachment":[{"href":"https:\/\/ninja.encktemp.com.br\/speedbrindes\/wp-json\/wp\/v2\/media?parent=159034"}],"wp:term":[{"taxonomy":"product_brand","embeddable":true,"href":"https:\/\/ninja.encktemp.com.br\/speedbrindes\/wp-json\/wp\/v2\/product_brand?post=159034"},{"taxonomy":"product_cat","embeddable":true,"href":"https:\/\/ninja.encktemp.com.br\/speedbrindes\/wp-json\/wp\/v2\/product_cat?post=159034"},{"taxonomy":"product_tag","embeddable":true,"href":"https:\/\/ninja.encktemp.com.br\/speedbrindes\/wp-json\/wp\/v2\/product_tag?post=159034"}],"curies":[{"name":"wp","href":"https:\/\/api.w.org\/{rel}","templated":true}]}}