{"id":158886,"date":"2025-09-07T00:45:56","date_gmt":"2025-09-07T03:45:56","guid":{"rendered":"https:\/\/ninja.encktemp.com.br\/speedbrindes\/product\/cumbuca-em-bambu-redonda-de-22l\/"},"modified":"2026-04-03T19:41:23","modified_gmt":"2026-04-03T22:41:23","slug":"cumbuca-em-bambu-redonda-de-22l","status":"publish","type":"product","link":"https:\/\/ninja.encktemp.com.br\/speedbrindes\/product\/cumbuca-em-bambu-redonda-de-22l\/","title":{"rendered":"CUMBUCA EM BAMBU REDONDA DE 2,2L"},"content":{"rendered":"<p>Cumbuca em bambu redonda de 2,2L.<\/p>\n<p><strong>Grava\u00e7\u00e3o:<\/strong> Uma grava\u00e7\u00e3o a Laser.<\/p>\n<p><strong>Dimens\u00f5es:<\/strong> 25\u00d8x13cm<\/p>\n<p><strong>Embalagem:<\/strong> Pl\u00e1stica<\/p>\n<p><strong>Dimens\u00f5es da Embalagem:<\/strong> 250x130x0 mm (AxLxP)<\/p>\n<p><strong>Peso da Embalagem:<\/strong> 585 g<\/p>\n<p><strong>Garantia:<\/strong> Contra defeitos de fabrica\u00e7\u00e3o<\/p>\n<p><strong>NCM:<\/strong> 44191900<\/p>\n<p><em>Atualizado em: 2026-04-03 11:51:06<\/em><\/p>\n","protected":false},"excerpt":{"rendered":"<p>Cumbuca em bambu redonda de 2,2L. Grava\u00e7\u00e3o: Uma grava\u00e7\u00e3o a Laser. Dimens\u00f5es: 25\u00d8x13cm Embalagem: Pl\u00e1stica Dimens\u00f5es da Embalagem: 250x130x0 mm [&hellip;]<\/p>\n","protected":false},"featured_media":364939,"comment_status":"open","ping_status":"closed","template":"","meta":[],"product_brand":[2683],"product_cat":[442,461],"product_tag":[],"class_list":{"0":"post-158886","1":"product","2":"type-product","3":"status-publish","4":"has-post-thumbnail","6":"product_brand-so-marcas","7":"product_cat-utensilios-e-utilidades","8":"product_cat-welf-utensilios-e-utilidades","10":"first","11":"instock","12":"shipping-taxable","13":"product-type-simple"},"_links":{"self":[{"href":"https:\/\/ninja.encktemp.com.br\/speedbrindes\/wp-json\/wp\/v2\/product\/158886","targetHints":{"allow":["GET"]}}],"collection":[{"href":"https:\/\/ninja.encktemp.com.br\/speedbrindes\/wp-json\/wp\/v2\/product"}],"about":[{"href":"https:\/\/ninja.encktemp.com.br\/speedbrindes\/wp-json\/wp\/v2\/types\/product"}],"replies":[{"embeddable":true,"href":"https:\/\/ninja.encktemp.com.br\/speedbrindes\/wp-json\/wp\/v2\/comments?post=158886"}],"wp:featuredmedia":[{"embeddable":true,"href":"https:\/\/ninja.encktemp.com.br\/speedbrindes\/wp-json\/wp\/v2\/media\/364939"}],"wp:attachment":[{"href":"https:\/\/ninja.encktemp.com.br\/speedbrindes\/wp-json\/wp\/v2\/media?parent=158886"}],"wp:term":[{"taxonomy":"product_brand","embeddable":true,"href":"https:\/\/ninja.encktemp.com.br\/speedbrindes\/wp-json\/wp\/v2\/product_brand?post=158886"},{"taxonomy":"product_cat","embeddable":true,"href":"https:\/\/ninja.encktemp.com.br\/speedbrindes\/wp-json\/wp\/v2\/product_cat?post=158886"},{"taxonomy":"product_tag","embeddable":true,"href":"https:\/\/ninja.encktemp.com.br\/speedbrindes\/wp-json\/wp\/v2\/product_tag?post=158886"}],"curies":[{"name":"wp","href":"https:\/\/api.w.org\/{rel}","templated":true}]}}