{"id":158737,"date":"2025-09-07T00:43:16","date_gmt":"2025-09-07T03:43:16","guid":{"rendered":"https:\/\/ninja.encktemp.com.br\/speedbrindes\/product\/prendedor-de-embalagem-em-poliestireno-fume\/"},"modified":"2026-04-07T23:22:04","modified_gmt":"2026-04-08T02:22:04","slug":"prendedor-de-embalagem-em-poliestireno-fume","status":"publish","type":"product","link":"https:\/\/ninja.encktemp.com.br\/speedbrindes\/product\/prendedor-de-embalagem-em-poliestireno-fume\/","title":{"rendered":"PRENDEDOR DE EMBALAGEM EM POLIESTIRENO &#8211; FUM\u00ca"},"content":{"rendered":"","protected":false},"excerpt":{"rendered":"<p>Confeccionado em poliestireno fume, possui tamanho compacto, mola em metal e um orif\u00edcio na al\u00e7a para pendur\u00e1-lo e facilitar seu uso. Dispon\u00edvel nas cores<br \/>\nazul, fum\u00ea, vermelho e verde.<br \/>\n<strong>Grava\u00e7\u00e3o:<\/strong> Uma grava\u00e7\u00e3o em Silk Screen.<br \/>\n<strong>Dimens\u00f5es:<\/strong> 10x6x1,5cm<br \/>\n<strong>NCM:<\/strong> 39269090<\/p>\n","protected":false},"featured_media":364903,"comment_status":"open","ping_status":"closed","template":"","meta":[],"product_brand":[2683],"product_cat":[449,507,861],"product_tag":[],"class_list":{"0":"post-158737","1":"product","2":"type-product","3":"status-publish","4":"has-post-thumbnail","6":"product_brand-so-marcas","7":"product_cat-pessoal","8":"product_cat-utensilios-e-utilidades-pessoal","9":"product_cat-promocoes-utensilios-e-utilidades-pessoal","11":"first","12":"instock","13":"shipping-taxable","14":"purchasable","15":"product-type-simple"},"_links":{"self":[{"href":"https:\/\/ninja.encktemp.com.br\/speedbrindes\/wp-json\/wp\/v2\/product\/158737","targetHints":{"allow":["GET"]}}],"collection":[{"href":"https:\/\/ninja.encktemp.com.br\/speedbrindes\/wp-json\/wp\/v2\/product"}],"about":[{"href":"https:\/\/ninja.encktemp.com.br\/speedbrindes\/wp-json\/wp\/v2\/types\/product"}],"replies":[{"embeddable":true,"href":"https:\/\/ninja.encktemp.com.br\/speedbrindes\/wp-json\/wp\/v2\/comments?post=158737"}],"wp:featuredmedia":[{"embeddable":true,"href":"https:\/\/ninja.encktemp.com.br\/speedbrindes\/wp-json\/wp\/v2\/media\/364903"}],"wp:attachment":[{"href":"https:\/\/ninja.encktemp.com.br\/speedbrindes\/wp-json\/wp\/v2\/media?parent=158737"}],"wp:term":[{"taxonomy":"product_brand","embeddable":true,"href":"https:\/\/ninja.encktemp.com.br\/speedbrindes\/wp-json\/wp\/v2\/product_brand?post=158737"},{"taxonomy":"product_cat","embeddable":true,"href":"https:\/\/ninja.encktemp.com.br\/speedbrindes\/wp-json\/wp\/v2\/product_cat?post=158737"},{"taxonomy":"product_tag","embeddable":true,"href":"https:\/\/ninja.encktemp.com.br\/speedbrindes\/wp-json\/wp\/v2\/product_tag?post=158737"}],"curies":[{"name":"wp","href":"https:\/\/api.w.org\/{rel}","templated":true}]}}