{"id":158512,"date":"2025-09-07T00:39:22","date_gmt":"2025-09-07T03:39:22","guid":{"rendered":"https:\/\/ninja.encktemp.com.br\/speedbrindes\/product\/porta-cartao-em-aluminio-onix\/"},"modified":"2026-04-07T23:20:31","modified_gmt":"2026-04-08T02:20:31","slug":"porta-cartao-em-aluminio-onix","status":"publish","type":"product","link":"https:\/\/ninja.encktemp.com.br\/speedbrindes\/product\/porta-cartao-em-aluminio-onix\/","title":{"rendered":"PORTA-CART\u00c3O EM ALUM\u00cdNIO \u00d4NIX"},"content":{"rendered":"","protected":false},"excerpt":{"rendered":"<p>Confeccionado em alum\u00ednio cromado fosco \u00f4nix com detalhe brilhante na tampa. Possui tampa com fecho pr\u00e1tico e design para bolso. Capacidade para, aproximadamente, 10 cart\u00f5es.<br \/>\n<strong>Grava\u00e7\u00e3o:<\/strong> Uma grava\u00e7\u00e3o a Laser.<br \/>\n<strong>Dimens\u00f5es:<\/strong> 9,3x6x0,7cm<br \/>\n<strong>NCM:<\/strong> 83040000<\/p>\n","protected":false},"featured_media":364835,"comment_status":"open","ping_status":"closed","template":"","meta":[],"product_brand":[2683],"product_cat":[703,844],"product_tag":[],"class_list":{"0":"post-158512","1":"product","2":"type-product","3":"status-publish","4":"has-post-thumbnail","6":"product_brand-so-marcas","7":"product_cat-promocoes-2","8":"product_cat-porta-cartao-personalizado-promocoes-2","10":"first","11":"instock","12":"shipping-taxable","13":"purchasable","14":"product-type-simple"},"_links":{"self":[{"href":"https:\/\/ninja.encktemp.com.br\/speedbrindes\/wp-json\/wp\/v2\/product\/158512","targetHints":{"allow":["GET"]}}],"collection":[{"href":"https:\/\/ninja.encktemp.com.br\/speedbrindes\/wp-json\/wp\/v2\/product"}],"about":[{"href":"https:\/\/ninja.encktemp.com.br\/speedbrindes\/wp-json\/wp\/v2\/types\/product"}],"replies":[{"embeddable":true,"href":"https:\/\/ninja.encktemp.com.br\/speedbrindes\/wp-json\/wp\/v2\/comments?post=158512"}],"wp:featuredmedia":[{"embeddable":true,"href":"https:\/\/ninja.encktemp.com.br\/speedbrindes\/wp-json\/wp\/v2\/media\/364835"}],"wp:attachment":[{"href":"https:\/\/ninja.encktemp.com.br\/speedbrindes\/wp-json\/wp\/v2\/media?parent=158512"}],"wp:term":[{"taxonomy":"product_brand","embeddable":true,"href":"https:\/\/ninja.encktemp.com.br\/speedbrindes\/wp-json\/wp\/v2\/product_brand?post=158512"},{"taxonomy":"product_cat","embeddable":true,"href":"https:\/\/ninja.encktemp.com.br\/speedbrindes\/wp-json\/wp\/v2\/product_cat?post=158512"},{"taxonomy":"product_tag","embeddable":true,"href":"https:\/\/ninja.encktemp.com.br\/speedbrindes\/wp-json\/wp\/v2\/product_tag?post=158512"}],"curies":[{"name":"wp","href":"https:\/\/api.w.org\/{rel}","templated":true}]}}