{"id":158495,"date":"2025-09-07T00:38:59","date_gmt":"2025-09-07T03:38:59","guid":{"rendered":"https:\/\/ninja.encktemp.com.br\/speedbrindes\/product\/conj-de-garfo-e-faca-inox-madeira-bambu-com-estojo-verde-3-pcs\/"},"modified":"2025-12-30T04:57:27","modified_gmt":"2025-12-30T07:57:27","slug":"conj-de-garfo-e-faca-inox-madeira-bambu-com-estojo-verde-3-pcs","status":"publish","type":"product","link":"https:\/\/ninja.encktemp.com.br\/speedbrindes\/product\/conj-de-garfo-e-faca-inox-madeira-bambu-com-estojo-verde-3-pcs\/","title":{"rendered":"CONJ. DE GARFO E FACA INOX \/ MADEIRA \/ BAMBU COM ESTOJO VERDE &#8211; 3 P\u00c7S"},"content":{"rendered":"<p>Conjunto composto por uma faca 7\u201d com cabo em Bambu e um garfo trinchante com cabo em Madeira, ambos com l\u00e2minas em a\u00e7o Inox com rebites resistentes.<br \/>\nEst\u00e3o organizados em uma pasta verde com el\u00e1sticos.<\/p>\n<p><strong>Grava\u00e7\u00e3o:<\/strong> Uma grava\u00e7\u00e3o em Silkscreen no estojo e uma a Laser na l\u00e2mina da faca.<\/p>\n<p><strong>Dimens\u00f5es:<\/strong> Pasta: 33x10x2cm<\/p>\n<p><strong>Embalagem:<\/strong> Pl\u00e1stica<\/p>\n<p><strong>Dimens\u00f5es da Embalagem:<\/strong> 330x100x20 mm (AxLxP)<\/p>\n<p><strong>Peso da Embalagem:<\/strong> 260 g<\/p>\n<p><strong>Garantia:<\/strong> Contra defeitos de fabrica\u00e7\u00e3o<\/p>\n<p><strong>NCM:<\/strong> 82152000<\/p>\n<p><em>Atualizado em: 2025-09-06 22:01:54<\/em><\/p>\n","protected":false},"excerpt":{"rendered":"<p>Conjunto composto por uma faca 7\u201d com cabo em Bambu e um garfo trinchante com cabo em Madeira, ambos com [&hellip;]<\/p>\n","protected":false},"featured_media":0,"comment_status":"open","ping_status":"closed","template":"","meta":[],"product_brand":[],"product_cat":[443,485],"product_tag":[],"class_list":{"0":"post-158495","1":"product","2":"type-product","3":"status-publish","5":"product_cat-churrasco","6":"product_cat-utensilios-e-utilidades-churrasco","8":"first","9":"onbackorder","10":"shipping-taxable","11":"purchasable","12":"product-type-simple"},"_links":{"self":[{"href":"https:\/\/ninja.encktemp.com.br\/speedbrindes\/wp-json\/wp\/v2\/product\/158495","targetHints":{"allow":["GET"]}}],"collection":[{"href":"https:\/\/ninja.encktemp.com.br\/speedbrindes\/wp-json\/wp\/v2\/product"}],"about":[{"href":"https:\/\/ninja.encktemp.com.br\/speedbrindes\/wp-json\/wp\/v2\/types\/product"}],"replies":[{"embeddable":true,"href":"https:\/\/ninja.encktemp.com.br\/speedbrindes\/wp-json\/wp\/v2\/comments?post=158495"}],"wp:attachment":[{"href":"https:\/\/ninja.encktemp.com.br\/speedbrindes\/wp-json\/wp\/v2\/media?parent=158495"}],"wp:term":[{"taxonomy":"product_brand","embeddable":true,"href":"https:\/\/ninja.encktemp.com.br\/speedbrindes\/wp-json\/wp\/v2\/product_brand?post=158495"},{"taxonomy":"product_cat","embeddable":true,"href":"https:\/\/ninja.encktemp.com.br\/speedbrindes\/wp-json\/wp\/v2\/product_cat?post=158495"},{"taxonomy":"product_tag","embeddable":true,"href":"https:\/\/ninja.encktemp.com.br\/speedbrindes\/wp-json\/wp\/v2\/product_tag?post=158495"}],"curies":[{"name":"wp","href":"https:\/\/api.w.org\/{rel}","templated":true}]}}