{"id":158323,"date":"2025-09-07T00:35:57","date_gmt":"2025-09-07T03:35:57","guid":{"rendered":"https:\/\/ninja.encktemp.com.br\/speedbrindes\/product\/conj-para-churrasco-hamburguer-com-espatula-4-pcs\/"},"modified":"2026-04-03T07:53:49","modified_gmt":"2026-04-03T10:53:49","slug":"conj-para-churrasco-hamburguer-com-espatula-4-pcs","status":"publish","type":"product","link":"https:\/\/ninja.encktemp.com.br\/speedbrindes\/product\/conj-para-churrasco-hamburguer-com-espatula-4-pcs\/","title":{"rendered":"CONJ. PARA CHURRASCO\/HAMB\u00daRGUER COM ESP\u00c1TULA &#8211; 4 P\u00c7S"},"content":{"rendered":"<p>Kit para Churrasco\/Hamb\u00farguer. Composto por t\u00e1bua em Bambu com sulco retangular; faca 8&#8243;, garfo trinchante e esp\u00e1tula perfurada em Madeira\/Inox.<\/p>\n<p><strong>Grava\u00e7\u00e3o:<\/strong> Uma grava\u00e7\u00e3o a Laser na t\u00e1bua.<\/p>\n<p><strong>Dimens\u00f5es:<\/strong> T\u00e1bua: 37&#215;22,5&#215;1,5cm<\/p>\n<p><strong>Embalagem:<\/strong> Caixa Preta<\/p>\n<p><strong>Dimens\u00f5es da Embalagem:<\/strong> 450x236x50 mm (AxLxP)<\/p>\n<p><strong>Peso da Embalagem:<\/strong> 908 g<\/p>\n<p><strong>Garantia:<\/strong> Contra defeitos de fabrica\u00e7\u00e3o<\/p>\n<p><strong>NCM:<\/strong> 44191900<\/p>\n<p><em>Atualizado em: 2026-04-02 22:04:43<\/em><\/p>\n","protected":false},"excerpt":{"rendered":"<p>Kit para Churrasco\/Hamb\u00farguer. Composto por t\u00e1bua em Bambu com sulco retangular; faca 8&#8243;, garfo trinchante e esp\u00e1tula perfurada em Madeira\/Inox. [&hellip;]<\/p>\n","protected":false},"featured_media":364795,"comment_status":"open","ping_status":"closed","template":"","meta":[],"product_brand":[2683],"product_cat":[521,548,580,731,732,3000,3814],"product_tag":[],"class_list":{"0":"post-158323","1":"product","2":"type-product","3":"status-publish","4":"has-post-thumbnail","6":"product_brand-so-marcas","7":"product_cat-bar-petisco-e-pizza","8":"product_cat-churrasco-bar-petisco-e-pizza","9":"product_cat-lancamentos-churrasco-bar-petisco-e-pizza","10":"product_cat-welf-lancamentos-churrasco-bar-petisco-e-pizza","11":"product_cat-kit-churrasco-personalizado-welf-lancamentos-churrasco-bar-petisco-e-pizza","12":"product_cat-kits-churrasco","13":"product_cat-lancamentos-speed","15":"first","16":"instock","17":"shipping-taxable","18":"purchasable","19":"product-type-simple"},"_links":{"self":[{"href":"https:\/\/ninja.encktemp.com.br\/speedbrindes\/wp-json\/wp\/v2\/product\/158323","targetHints":{"allow":["GET"]}}],"collection":[{"href":"https:\/\/ninja.encktemp.com.br\/speedbrindes\/wp-json\/wp\/v2\/product"}],"about":[{"href":"https:\/\/ninja.encktemp.com.br\/speedbrindes\/wp-json\/wp\/v2\/types\/product"}],"replies":[{"embeddable":true,"href":"https:\/\/ninja.encktemp.com.br\/speedbrindes\/wp-json\/wp\/v2\/comments?post=158323"}],"wp:featuredmedia":[{"embeddable":true,"href":"https:\/\/ninja.encktemp.com.br\/speedbrindes\/wp-json\/wp\/v2\/media\/364795"}],"wp:attachment":[{"href":"https:\/\/ninja.encktemp.com.br\/speedbrindes\/wp-json\/wp\/v2\/media?parent=158323"}],"wp:term":[{"taxonomy":"product_brand","embeddable":true,"href":"https:\/\/ninja.encktemp.com.br\/speedbrindes\/wp-json\/wp\/v2\/product_brand?post=158323"},{"taxonomy":"product_cat","embeddable":true,"href":"https:\/\/ninja.encktemp.com.br\/speedbrindes\/wp-json\/wp\/v2\/product_cat?post=158323"},{"taxonomy":"product_tag","embeddable":true,"href":"https:\/\/ninja.encktemp.com.br\/speedbrindes\/wp-json\/wp\/v2\/product_tag?post=158323"}],"curies":[{"name":"wp","href":"https:\/\/api.w.org\/{rel}","templated":true}]}}