{"id":158247,"date":"2025-09-07T00:34:44","date_gmt":"2025-09-07T03:34:44","guid":{"rendered":"https:\/\/ninja.encktemp.com.br\/speedbrindes\/product\/conj-para-churrasco-e-petisco-em-bambu-madeira-porcelana-7-pcs\/"},"modified":"2026-04-04T09:12:25","modified_gmt":"2026-04-04T12:12:25","slug":"conj-para-churrasco-e-petisco-em-bambu-madeira-porcelana-7-pcs","status":"publish","type":"product","link":"https:\/\/ninja.encktemp.com.br\/speedbrindes\/product\/conj-para-churrasco-e-petisco-em-bambu-madeira-porcelana-7-pcs\/","title":{"rendered":"CONJ. PARA CHURRASCO E PETISCO EM BAMBU \/ MADEIRA \/ PORCELANA &#8211; 7 P\u00c7S"},"content":{"rendered":"<p>Composto por t\u00e1bua e duas esp\u00e1tulas 14cm em Bambu; faca 7&#8243; em Bambu\/Inox; garfo trinchante em Madeira\/Inox e dois ramekins em porcelana.<br \/>\nProduto 2 em 1, de um lado da t\u00e1bua \u00e9 especifica para churrasco, do outro \u00e9 ideal para queijos e petiscos.<br \/>\nComo cortesia, na faca 7&#8243; fazemos uma grava\u00e7\u00e3o com os cortes do boi.<\/p>\n<p><strong>Grava\u00e7\u00e3o:<\/strong> Uma grava\u00e7\u00e3o a Laser na t\u00e1bua e na faca.<\/p>\n<p><strong>Dimens\u00f5es:<\/strong> T\u00e1bua: 32&#215;20,5&#215;1,2cm<\/p>\n<p><strong>Embalagem:<\/strong> Caixa Preta<\/p>\n<p><strong>Dimens\u00f5es da Embalagem:<\/strong> 352x222x65 mm (AxLxP)<\/p>\n<p><strong>Peso da Embalagem:<\/strong> 1.113 g<\/p>\n<p><strong>Garantia:<\/strong> Contra defeitos de fabrica\u00e7\u00e3o<\/p>\n<p><strong>NCM:<\/strong> 44191900<\/p>\n<p><em>Atualizado em: 2026-04-03 22:01:23<\/em><\/p>\n","protected":false},"excerpt":{"rendered":"<p>Composto por t\u00e1bua e duas esp\u00e1tulas 14cm em Bambu; faca 7&#8243; em Bambu\/Inox; garfo trinchante em Madeira\/Inox e dois ramekins [&hellip;]<\/p>\n","protected":false},"featured_media":364771,"comment_status":"open","ping_status":"closed","template":"","meta":[],"product_brand":[2683],"product_cat":[443,454,544,833],"product_tag":[],"class_list":{"0":"post-158247","1":"product","2":"type-product","3":"status-publish","4":"has-post-thumbnail","6":"product_brand-so-marcas","7":"product_cat-churrasco","8":"product_cat-queijos-vinhos","9":"product_cat-welf-churrasco","10":"product_cat-kit-churrasco-personalizado-welf-churrasco","12":"first","13":"instock","14":"shipping-taxable","15":"purchasable","16":"product-type-simple"},"_links":{"self":[{"href":"https:\/\/ninja.encktemp.com.br\/speedbrindes\/wp-json\/wp\/v2\/product\/158247","targetHints":{"allow":["GET"]}}],"collection":[{"href":"https:\/\/ninja.encktemp.com.br\/speedbrindes\/wp-json\/wp\/v2\/product"}],"about":[{"href":"https:\/\/ninja.encktemp.com.br\/speedbrindes\/wp-json\/wp\/v2\/types\/product"}],"replies":[{"embeddable":true,"href":"https:\/\/ninja.encktemp.com.br\/speedbrindes\/wp-json\/wp\/v2\/comments?post=158247"}],"wp:featuredmedia":[{"embeddable":true,"href":"https:\/\/ninja.encktemp.com.br\/speedbrindes\/wp-json\/wp\/v2\/media\/364771"}],"wp:attachment":[{"href":"https:\/\/ninja.encktemp.com.br\/speedbrindes\/wp-json\/wp\/v2\/media?parent=158247"}],"wp:term":[{"taxonomy":"product_brand","embeddable":true,"href":"https:\/\/ninja.encktemp.com.br\/speedbrindes\/wp-json\/wp\/v2\/product_brand?post=158247"},{"taxonomy":"product_cat","embeddable":true,"href":"https:\/\/ninja.encktemp.com.br\/speedbrindes\/wp-json\/wp\/v2\/product_cat?post=158247"},{"taxonomy":"product_tag","embeddable":true,"href":"https:\/\/ninja.encktemp.com.br\/speedbrindes\/wp-json\/wp\/v2\/product_tag?post=158247"}],"curies":[{"name":"wp","href":"https:\/\/api.w.org\/{rel}","templated":true}]}}