{"id":158211,"date":"2025-09-07T00:34:11","date_gmt":"2025-09-07T03:34:11","guid":{"rendered":"https:\/\/ninja.encktemp.com.br\/speedbrindes\/product\/kit-para-churrasco-em-bambu-madeira-inox-3-pcs\/"},"modified":"2026-04-03T19:41:13","modified_gmt":"2026-04-03T22:41:13","slug":"kit-para-churrasco-em-bambu-madeira-inox-3-pcs","status":"publish","type":"product","link":"https:\/\/ninja.encktemp.com.br\/speedbrindes\/product\/kit-para-churrasco-em-bambu-madeira-inox-3-pcs\/","title":{"rendered":"KIT PARA CHURRASCO EM BAMBU \/ MADEIRA \/ INOX &#8211; 3 P\u00c7S"},"content":{"rendered":"<p>Kit para Churrasco. Composto por t\u00e1bua retangular com sulco em Bambu; faca 8 &#8221; e garfo trinchante em Madeira\/Inox.<br \/>\n Acomodados em uma linda caixa para presente e como cortesia, na faca 8&#8243; fazemos uma grava\u00e7\u00e3o com os cortes do boi.<\/p>\n<p><strong>Grava\u00e7\u00e3o:<\/strong> Uma grava\u00e7\u00e3o a Laser na t\u00e1bua e na l\u00e2mina da faca 8&quot;.<\/p>\n<p><strong>Dimens\u00f5es:<\/strong> T\u00e1bua: 37&#215;22,5&#215;1,5cm<\/p>\n<p><strong>Embalagem:<\/strong> Caixa Preta<\/p>\n<p><strong>Dimens\u00f5es da Embalagem:<\/strong> 397x251x65 mm (AxLxP)<\/p>\n<p><strong>Peso da Embalagem:<\/strong> 861 g<\/p>\n<p><strong>Garantia:<\/strong> Contra defeitos de fabrica\u00e7\u00e3o<\/p>\n<p><strong>NCM:<\/strong> 44191900<\/p>\n<p><em>Atualizado em: 2026-04-03 11:51:07<\/em><\/p>\n","protected":false},"excerpt":{"rendered":"<p>Kit para Churrasco. Composto por t\u00e1bua retangular com sulco em Bambu; faca 8 &#8221; e garfo trinchante em Madeira\/Inox. Acomodados [&hellip;]<\/p>\n","protected":false},"featured_media":364758,"comment_status":"open","ping_status":"closed","template":"","meta":[],"product_brand":[2683],"product_cat":[443,837,3000],"product_tag":[],"class_list":{"0":"post-158211","1":"product","2":"type-product","3":"status-publish","4":"has-post-thumbnail","6":"product_brand-so-marcas","7":"product_cat-churrasco","8":"product_cat-kit-churrasco-personalizado-churrasco","9":"product_cat-kits-churrasco","11":"first","12":"instock","13":"shipping-taxable","14":"product-type-simple"},"_links":{"self":[{"href":"https:\/\/ninja.encktemp.com.br\/speedbrindes\/wp-json\/wp\/v2\/product\/158211","targetHints":{"allow":["GET"]}}],"collection":[{"href":"https:\/\/ninja.encktemp.com.br\/speedbrindes\/wp-json\/wp\/v2\/product"}],"about":[{"href":"https:\/\/ninja.encktemp.com.br\/speedbrindes\/wp-json\/wp\/v2\/types\/product"}],"replies":[{"embeddable":true,"href":"https:\/\/ninja.encktemp.com.br\/speedbrindes\/wp-json\/wp\/v2\/comments?post=158211"}],"wp:featuredmedia":[{"embeddable":true,"href":"https:\/\/ninja.encktemp.com.br\/speedbrindes\/wp-json\/wp\/v2\/media\/364758"}],"wp:attachment":[{"href":"https:\/\/ninja.encktemp.com.br\/speedbrindes\/wp-json\/wp\/v2\/media?parent=158211"}],"wp:term":[{"taxonomy":"product_brand","embeddable":true,"href":"https:\/\/ninja.encktemp.com.br\/speedbrindes\/wp-json\/wp\/v2\/product_brand?post=158211"},{"taxonomy":"product_cat","embeddable":true,"href":"https:\/\/ninja.encktemp.com.br\/speedbrindes\/wp-json\/wp\/v2\/product_cat?post=158211"},{"taxonomy":"product_tag","embeddable":true,"href":"https:\/\/ninja.encktemp.com.br\/speedbrindes\/wp-json\/wp\/v2\/product_tag?post=158211"}],"curies":[{"name":"wp","href":"https:\/\/api.w.org\/{rel}","templated":true}]}}