{"id":158205,"date":"2025-09-07T00:34:05","date_gmt":"2025-09-07T03:34:05","guid":{"rendered":"https:\/\/ninja.encktemp.com.br\/speedbrindes\/product\/kit-utensilios-em-bambu-30-cm-com-avental-5-pcs\/"},"modified":"2026-04-03T21:12:28","modified_gmt":"2026-04-04T00:12:28","slug":"kit-utensilios-em-bambu-30-cm-com-avental-5-pcs","status":"publish","type":"product","link":"https:\/\/ninja.encktemp.com.br\/speedbrindes\/product\/kit-utensilios-em-bambu-30-cm-com-avental-5-pcs\/","title":{"rendered":"KIT UTENS\u00cdLIOS EM BAMBU 30 CM COM AVENTAL &#8211; 5 P\u00c7S"},"content":{"rendered":"<p>Confeccionado em Bambu com avental, colher, colher perfurada, esp\u00e1tula quadrada e esp\u00e1tula perfurada em Bambu e avental em Brim.<br \/>\nTodas as pe\u00e7as em bambu contam com 30cm de comprimento.<\/p>\n<p><strong>Grava\u00e7\u00e3o:<\/strong> Uma grava\u00e7\u00e3o a Laser no cabo da colher e em Silkscreen no avental.<\/p>\n<p><strong>Dimens\u00f5es:<\/strong> Avental: 79&#215;54,5cm<\/p>\n<p><strong>Embalagem:<\/strong> Caixa Preta<\/p>\n<p><strong>Dimens\u00f5es da Embalagem:<\/strong> 352x222x65 mm (AxLxP)<\/p>\n<p><strong>Peso da Embalagem:<\/strong> 470 g<\/p>\n<p><strong>Garantia:<\/strong> Contra defeitos de fabrica\u00e7\u00e3o<\/p>\n<p><strong>NCM:<\/strong> 44191900<\/p>\n<p><em>Atualizado em: 2026-04-03 11:51:05<\/em><\/p>\n","protected":false},"excerpt":{"rendered":"<p>Confeccionado em Bambu com avental, colher, colher perfurada, esp\u00e1tula quadrada e esp\u00e1tula perfurada em Bambu e avental em Brim. Todas [&hellip;]<\/p>\n","protected":false},"featured_media":364756,"comment_status":"open","ping_status":"closed","template":"","meta":[],"product_brand":[2683],"product_cat":[442,461],"product_tag":[],"class_list":{"0":"post-158205","1":"product","2":"type-product","3":"status-publish","4":"has-post-thumbnail","6":"product_brand-so-marcas","7":"product_cat-utensilios-e-utilidades","8":"product_cat-welf-utensilios-e-utilidades","10":"first","11":"instock","12":"shipping-taxable","13":"purchasable","14":"product-type-simple"},"_links":{"self":[{"href":"https:\/\/ninja.encktemp.com.br\/speedbrindes\/wp-json\/wp\/v2\/product\/158205","targetHints":{"allow":["GET"]}}],"collection":[{"href":"https:\/\/ninja.encktemp.com.br\/speedbrindes\/wp-json\/wp\/v2\/product"}],"about":[{"href":"https:\/\/ninja.encktemp.com.br\/speedbrindes\/wp-json\/wp\/v2\/types\/product"}],"replies":[{"embeddable":true,"href":"https:\/\/ninja.encktemp.com.br\/speedbrindes\/wp-json\/wp\/v2\/comments?post=158205"}],"wp:featuredmedia":[{"embeddable":true,"href":"https:\/\/ninja.encktemp.com.br\/speedbrindes\/wp-json\/wp\/v2\/media\/364756"}],"wp:attachment":[{"href":"https:\/\/ninja.encktemp.com.br\/speedbrindes\/wp-json\/wp\/v2\/media?parent=158205"}],"wp:term":[{"taxonomy":"product_brand","embeddable":true,"href":"https:\/\/ninja.encktemp.com.br\/speedbrindes\/wp-json\/wp\/v2\/product_brand?post=158205"},{"taxonomy":"product_cat","embeddable":true,"href":"https:\/\/ninja.encktemp.com.br\/speedbrindes\/wp-json\/wp\/v2\/product_cat?post=158205"},{"taxonomy":"product_tag","embeddable":true,"href":"https:\/\/ninja.encktemp.com.br\/speedbrindes\/wp-json\/wp\/v2\/product_tag?post=158205"}],"curies":[{"name":"wp","href":"https:\/\/api.w.org\/{rel}","templated":true}]}}