{"id":158185,"date":"2025-09-07T00:33:38","date_gmt":"2025-09-07T03:33:38","guid":{"rendered":"https:\/\/ninja.encktemp.com.br\/speedbrindes\/product\/kit-para-cozinha-com-tabua-porco-em-bambu-madeira-inox-5-pcs\/"},"modified":"2026-04-04T09:12:24","modified_gmt":"2026-04-04T12:12:24","slug":"kit-para-cozinha-com-tabua-porco-em-bambu-madeira-inox-5-pcs","status":"publish","type":"product","link":"https:\/\/ninja.encktemp.com.br\/speedbrindes\/product\/kit-para-cozinha-com-tabua-porco-em-bambu-madeira-inox-5-pcs\/","title":{"rendered":"KIT PARA COZINHA COM T\u00c1BUA PORCO EM BAMBU \/ MADEIRA \/ INOX &#8211; 5 P\u00c7S"},"content":{"rendered":"<p>Conjunto para Cozinha. Composto por t\u00e1bua em formato de porco em Bambu; faca 8&#8243;, cutelo 6&#8243;, faca 5&#8243; e garfo trinchante em Madeira\/Inox.<\/p>\n<p><strong>Grava\u00e7\u00e3o:<\/strong> Uma grava\u00e7\u00e3o a Laser na t\u00e1bua e na l\u00e2mina da faca.<\/p>\n<p><strong>Dimens\u00f5es:<\/strong> T\u00e1bua: 38&#215;25,5&#215;1,5cm<\/p>\n<p><strong>Embalagem:<\/strong> Caixa Preta<\/p>\n<p><strong>Dimens\u00f5es da Embalagem:<\/strong> 410x260x70 mm (AxLxP)<\/p>\n<p><strong>Peso da Embalagem:<\/strong> 1.130 g<\/p>\n<p><strong>Garantia:<\/strong> Contra defeitos de fabrica\u00e7\u00e3o<\/p>\n<p><strong>NCM:<\/strong> 44191900<\/p>\n<p><em>Atualizado em: 2026-04-03 22:01:23<\/em><\/p>\n","protected":false},"excerpt":{"rendered":"<p>Conjunto para Cozinha. Composto por t\u00e1bua em formato de porco em Bambu; faca 8&#8243;, cutelo 6&#8243;, faca 5&#8243; e garfo [&hellip;]<\/p>\n","protected":false},"featured_media":364749,"comment_status":"open","ping_status":"closed","template":"","meta":[],"product_brand":[2683],"product_cat":[443,544,2998],"product_tag":[],"class_list":{"0":"post-158185","1":"product","2":"type-product","3":"status-publish","4":"has-post-thumbnail","6":"product_brand-so-marcas","7":"product_cat-churrasco","8":"product_cat-welf-churrasco","9":"product_cat-bar-e-cozinha","11":"first","12":"instock","13":"shipping-taxable","14":"purchasable","15":"product-type-simple"},"_links":{"self":[{"href":"https:\/\/ninja.encktemp.com.br\/speedbrindes\/wp-json\/wp\/v2\/product\/158185","targetHints":{"allow":["GET"]}}],"collection":[{"href":"https:\/\/ninja.encktemp.com.br\/speedbrindes\/wp-json\/wp\/v2\/product"}],"about":[{"href":"https:\/\/ninja.encktemp.com.br\/speedbrindes\/wp-json\/wp\/v2\/types\/product"}],"replies":[{"embeddable":true,"href":"https:\/\/ninja.encktemp.com.br\/speedbrindes\/wp-json\/wp\/v2\/comments?post=158185"}],"wp:featuredmedia":[{"embeddable":true,"href":"https:\/\/ninja.encktemp.com.br\/speedbrindes\/wp-json\/wp\/v2\/media\/364749"}],"wp:attachment":[{"href":"https:\/\/ninja.encktemp.com.br\/speedbrindes\/wp-json\/wp\/v2\/media?parent=158185"}],"wp:term":[{"taxonomy":"product_brand","embeddable":true,"href":"https:\/\/ninja.encktemp.com.br\/speedbrindes\/wp-json\/wp\/v2\/product_brand?post=158185"},{"taxonomy":"product_cat","embeddable":true,"href":"https:\/\/ninja.encktemp.com.br\/speedbrindes\/wp-json\/wp\/v2\/product_cat?post=158185"},{"taxonomy":"product_tag","embeddable":true,"href":"https:\/\/ninja.encktemp.com.br\/speedbrindes\/wp-json\/wp\/v2\/product_tag?post=158185"}],"curies":[{"name":"wp","href":"https:\/\/api.w.org\/{rel}","templated":true}]}}