{"id":158148,"date":"2025-09-07T00:33:06","date_gmt":"2025-09-07T03:33:06","guid":{"rendered":"https:\/\/ninja.encktemp.com.br\/speedbrindes\/product\/conj-para-churrasco-e-cozinha-em-bambu-madeira-inox-5-pcs\/"},"modified":"2026-04-04T09:12:23","modified_gmt":"2026-04-04T12:12:23","slug":"conj-para-churrasco-e-cozinha-em-bambu-madeira-inox-5-pcs","status":"publish","type":"product","link":"https:\/\/ninja.encktemp.com.br\/speedbrindes\/product\/conj-para-churrasco-e-cozinha-em-bambu-madeira-inox-5-pcs\/","title":{"rendered":"CONJ. PARA CHURRASCO E COZINHA EM BAMBU \/ MADEIRA \/ INOX &#8211; 5 P\u00c7S"},"content":{"rendered":"<p>Conjunto para Churrasco\/Cozinha. Composto por uma t\u00e1bua retangular com 3 furos em Bambu; faca Santoku 7\u201d e uma faca 7\u201d para p\u00e3o em Bambu\/Inox; faca 8&#8243; e garfo trinchante em Madeixa\/Inox.<\/p>\n<p><strong>Grava\u00e7\u00e3o:<\/strong> Uma grava\u00e7\u00e3o a Laser na t\u00e1bua e na l\u00e2mina da faca 8&quot;.<\/p>\n<p><strong>Dimens\u00f5es:<\/strong> T\u00e1bua: 37&#215;22,5&#215;1,2cm<\/p>\n<p><strong>Embalagem:<\/strong> Caixa Preta<\/p>\n<p><strong>Dimens\u00f5es da Embalagem:<\/strong> 450x236x50 mm (AxLxP)<\/p>\n<p><strong>Peso da Embalagem:<\/strong> 1.138 g<\/p>\n<p><strong>Garantia:<\/strong> Contra defeitos de fabrica\u00e7\u00e3o<\/p>\n<p><strong>NCM:<\/strong> 44191900<\/p>\n<p><em>Atualizado em: 2026-04-03 22:01:24<\/em><\/p>\n","protected":false},"excerpt":{"rendered":"<p>Conjunto para Churrasco\/Cozinha. Composto por uma t\u00e1bua retangular com 3 furos em Bambu; faca Santoku 7\u201d e uma faca 7\u201d [&hellip;]<\/p>\n","protected":false},"featured_media":364737,"comment_status":"open","ping_status":"closed","template":"","meta":[],"product_brand":[2683],"product_cat":[443,544,2998],"product_tag":[],"class_list":{"0":"post-158148","1":"product","2":"type-product","3":"status-publish","4":"has-post-thumbnail","6":"product_brand-so-marcas","7":"product_cat-churrasco","8":"product_cat-welf-churrasco","9":"product_cat-bar-e-cozinha","11":"first","12":"instock","13":"shipping-taxable","14":"purchasable","15":"product-type-simple"},"_links":{"self":[{"href":"https:\/\/ninja.encktemp.com.br\/speedbrindes\/wp-json\/wp\/v2\/product\/158148","targetHints":{"allow":["GET"]}}],"collection":[{"href":"https:\/\/ninja.encktemp.com.br\/speedbrindes\/wp-json\/wp\/v2\/product"}],"about":[{"href":"https:\/\/ninja.encktemp.com.br\/speedbrindes\/wp-json\/wp\/v2\/types\/product"}],"replies":[{"embeddable":true,"href":"https:\/\/ninja.encktemp.com.br\/speedbrindes\/wp-json\/wp\/v2\/comments?post=158148"}],"wp:featuredmedia":[{"embeddable":true,"href":"https:\/\/ninja.encktemp.com.br\/speedbrindes\/wp-json\/wp\/v2\/media\/364737"}],"wp:attachment":[{"href":"https:\/\/ninja.encktemp.com.br\/speedbrindes\/wp-json\/wp\/v2\/media?parent=158148"}],"wp:term":[{"taxonomy":"product_brand","embeddable":true,"href":"https:\/\/ninja.encktemp.com.br\/speedbrindes\/wp-json\/wp\/v2\/product_brand?post=158148"},{"taxonomy":"product_cat","embeddable":true,"href":"https:\/\/ninja.encktemp.com.br\/speedbrindes\/wp-json\/wp\/v2\/product_cat?post=158148"},{"taxonomy":"product_tag","embeddable":true,"href":"https:\/\/ninja.encktemp.com.br\/speedbrindes\/wp-json\/wp\/v2\/product_tag?post=158148"}],"curies":[{"name":"wp","href":"https:\/\/api.w.org\/{rel}","templated":true}]}}