{"id":158076,"date":"2025-09-07T00:31:54","date_gmt":"2025-09-07T03:31:54","guid":{"rendered":"https:\/\/ninja.encktemp.com.br\/speedbrindes\/product\/conj-para-churrasco-em-bambu-madeira-inox-dallas-4-pcs\/"},"modified":"2026-04-03T21:12:27","modified_gmt":"2026-04-04T00:12:27","slug":"conj-para-churrasco-em-bambu-madeira-inox-dallas-4-pcs","status":"publish","type":"product","link":"https:\/\/ninja.encktemp.com.br\/speedbrindes\/product\/conj-para-churrasco-em-bambu-madeira-inox-dallas-4-pcs\/","title":{"rendered":"CONJ. PARA CHURRASCO EM BAMBU \/ MADEIRA \/ INOX DALLAS &#8211; 4 P\u00c7S"},"content":{"rendered":"<p>Conjunto composto por uma t\u00e1bua retangular em tripla camada invertida de Bambu com sulco; faca 7\u201d em Bambu\/Inox; garfo trinchante e faca 5\u201d para desossar em Madeira\/Inox.<\/p>\n<p><strong>Grava\u00e7\u00e3o:<\/strong> Uma grava\u00e7\u00e3o a Laser na t\u00e1bua e na l\u00e2mina da faca; uma grava\u00e7\u00e3o em Silk\/Digital na caixa.<\/p>\n<p><strong>Dimens\u00f5es:<\/strong> T\u00e1bua: 32&#215;20,5&#215;1,5cm<\/p>\n<p><strong>Embalagem:<\/strong> Caixa Preta<\/p>\n<p><strong>Dimens\u00f5es da Embalagem:<\/strong> 400x218x45 mm (AxLxP)<\/p>\n<p><strong>Peso da Embalagem:<\/strong> 830 g<\/p>\n<p><strong>Garantia:<\/strong> Contra defeitos de fabrica\u00e7\u00e3o<\/p>\n<p><strong>NCM:<\/strong> 44191900<\/p>\n<p><em>Atualizado em: 2026-04-03 11:51:07<\/em><\/p>\n","protected":false},"excerpt":{"rendered":"<p>Conjunto composto por uma t\u00e1bua retangular em tripla camada invertida de Bambu com sulco; faca 7\u201d em Bambu\/Inox; garfo trinchante [&hellip;]<\/p>\n","protected":false},"featured_media":364706,"comment_status":"open","ping_status":"closed","template":"","meta":[],"product_brand":[2683],"product_cat":[443,544,833],"product_tag":[],"class_list":{"0":"post-158076","1":"product","2":"type-product","3":"status-publish","4":"has-post-thumbnail","6":"product_brand-so-marcas","7":"product_cat-churrasco","8":"product_cat-welf-churrasco","9":"product_cat-kit-churrasco-personalizado-welf-churrasco","11":"first","12":"instock","13":"shipping-taxable","14":"purchasable","15":"product-type-simple"},"_links":{"self":[{"href":"https:\/\/ninja.encktemp.com.br\/speedbrindes\/wp-json\/wp\/v2\/product\/158076","targetHints":{"allow":["GET"]}}],"collection":[{"href":"https:\/\/ninja.encktemp.com.br\/speedbrindes\/wp-json\/wp\/v2\/product"}],"about":[{"href":"https:\/\/ninja.encktemp.com.br\/speedbrindes\/wp-json\/wp\/v2\/types\/product"}],"replies":[{"embeddable":true,"href":"https:\/\/ninja.encktemp.com.br\/speedbrindes\/wp-json\/wp\/v2\/comments?post=158076"}],"wp:featuredmedia":[{"embeddable":true,"href":"https:\/\/ninja.encktemp.com.br\/speedbrindes\/wp-json\/wp\/v2\/media\/364706"}],"wp:attachment":[{"href":"https:\/\/ninja.encktemp.com.br\/speedbrindes\/wp-json\/wp\/v2\/media?parent=158076"}],"wp:term":[{"taxonomy":"product_brand","embeddable":true,"href":"https:\/\/ninja.encktemp.com.br\/speedbrindes\/wp-json\/wp\/v2\/product_brand?post=158076"},{"taxonomy":"product_cat","embeddable":true,"href":"https:\/\/ninja.encktemp.com.br\/speedbrindes\/wp-json\/wp\/v2\/product_cat?post=158076"},{"taxonomy":"product_tag","embeddable":true,"href":"https:\/\/ninja.encktemp.com.br\/speedbrindes\/wp-json\/wp\/v2\/product_tag?post=158076"}],"curies":[{"name":"wp","href":"https:\/\/api.w.org\/{rel}","templated":true}]}}