{"id":154538,"date":"2025-09-06T23:27:57","date_gmt":"2025-09-07T02:27:57","guid":{"rendered":"https:\/\/ninja.encktemp.com.br\/speedbrindes\/product\/kit-tacas-e-vela-aromatizada-3-pcs\/"},"modified":"2026-04-04T21:12:08","modified_gmt":"2026-04-05T00:12:08","slug":"kit-tacas-e-vela-aromatizada-3-pcs","status":"publish","type":"product","link":"https:\/\/ninja.encktemp.com.br\/speedbrindes\/product\/kit-tacas-e-vela-aromatizada-3-pcs\/","title":{"rendered":"KIT TA\u00c7AS E VELA AROMATIZADA &#8211; 3 P\u00c7S"},"content":{"rendered":"<p>Composto por duas ta\u00e7as em vidro para champagne e vela aromatizada de lavanda.<\/p>\n<p><strong>Grava\u00e7\u00e3o:<\/strong> Uma grava\u00e7\u00e3o a Laser nas duas ta\u00e7as e na tampa da vela; uma grava\u00e7\u00e3o em Silk\/Digital na tampa da caixa.<\/p>\n<p><strong>Dimens\u00f5es:<\/strong> Ta\u00e7as: 22,2&#215;5,3&#215;5,3 cm \/ 190 ml<\/p>\n<p><strong>Embalagem:<\/strong> Caixa Preta<\/p>\n<p><strong>Dimens\u00f5es da Embalagem:<\/strong> 355x245x93 mm (AxLxP)<\/p>\n<p><strong>Peso da Embalagem:<\/strong> 750 g<\/p>\n<p><strong>Garantia:<\/strong> Contra defeitos de fabrica\u00e7\u00e3o<\/p>\n<p><strong>NCM:<\/strong> 70132800<\/p>\n<p><em>Atualizado em: 2026-04-04 11:51:47<\/em><\/p>\n","protected":false},"excerpt":{"rendered":"<p>Composto por duas ta\u00e7as em vidro para champagne e vela aromatizada de lavanda. Grava\u00e7\u00e3o: Uma grava\u00e7\u00e3o a Laser nas duas [&hellip;]<\/p>\n","protected":false},"featured_media":364512,"comment_status":"open","ping_status":"closed","template":"","meta":[],"product_brand":[2683],"product_cat":[521,528,639,812,2923,3071,3814],"product_tag":[],"class_list":{"0":"post-154538","1":"product","2":"type-product","3":"status-publish","4":"has-post-thumbnail","6":"product_brand-so-marcas","7":"product_cat-bar-petisco-e-pizza","8":"product_cat-lancamentos-bar-petisco-e-pizza","9":"product_cat-kits-especiais-lancamentos-bar-petisco-e-pizza","10":"product_cat-pessoal-kits-especiais-lancamentos-bar-petisco-e-pizza","11":"product_cat-fim-de-ano","12":"product_cat-kits-especiais-speed","13":"product_cat-lancamentos-speed","15":"first","16":"onbackorder","17":"shipping-taxable","18":"purchasable","19":"product-type-simple"},"_links":{"self":[{"href":"https:\/\/ninja.encktemp.com.br\/speedbrindes\/wp-json\/wp\/v2\/product\/154538","targetHints":{"allow":["GET"]}}],"collection":[{"href":"https:\/\/ninja.encktemp.com.br\/speedbrindes\/wp-json\/wp\/v2\/product"}],"about":[{"href":"https:\/\/ninja.encktemp.com.br\/speedbrindes\/wp-json\/wp\/v2\/types\/product"}],"replies":[{"embeddable":true,"href":"https:\/\/ninja.encktemp.com.br\/speedbrindes\/wp-json\/wp\/v2\/comments?post=154538"}],"wp:featuredmedia":[{"embeddable":true,"href":"https:\/\/ninja.encktemp.com.br\/speedbrindes\/wp-json\/wp\/v2\/media\/364512"}],"wp:attachment":[{"href":"https:\/\/ninja.encktemp.com.br\/speedbrindes\/wp-json\/wp\/v2\/media?parent=154538"}],"wp:term":[{"taxonomy":"product_brand","embeddable":true,"href":"https:\/\/ninja.encktemp.com.br\/speedbrindes\/wp-json\/wp\/v2\/product_brand?post=154538"},{"taxonomy":"product_cat","embeddable":true,"href":"https:\/\/ninja.encktemp.com.br\/speedbrindes\/wp-json\/wp\/v2\/product_cat?post=154538"},{"taxonomy":"product_tag","embeddable":true,"href":"https:\/\/ninja.encktemp.com.br\/speedbrindes\/wp-json\/wp\/v2\/product_tag?post=154538"}],"curies":[{"name":"wp","href":"https:\/\/api.w.org\/{rel}","templated":true}]}}