{"id":154228,"date":"2025-09-06T23:22:48","date_gmt":"2025-09-07T02:22:48","guid":{"rendered":"https:\/\/ninja.encktemp.com.br\/speedbrindes\/product\/kit-com-squeeze-caneta-e-bloco-3-pcs-3\/"},"modified":"2026-04-05T09:13:57","modified_gmt":"2026-04-05T12:13:57","slug":"kit-com-squeeze-caneta-e-bloco-3-pcs-3","status":"publish","type":"product","link":"https:\/\/ninja.encktemp.com.br\/speedbrindes\/product\/kit-com-squeeze-caneta-e-bloco-3-pcs-3\/","title":{"rendered":"KIT COM SQUEEZE, CANETA E BLOCO &#8211; 3 P\u00c7S"},"content":{"rendered":"<p>Kit squeeze, caneta e bloco. Composto por garrafa em alum\u00ednio de 500ml revestido com verniz; bloco para anota\u00e7\u00f5es preto e caneta esferogr\u00e1fica em ABS prata.<\/p>\n<p><strong>Grava\u00e7\u00e3o:<\/strong> Uma grava\u00e7\u00e3o a Laser na garrafa; grava\u00e7\u00e3o em Silk Screen na bloco e na caneta.<\/p>\n<p><strong>Dimens\u00f5es:<\/strong> Squeeze: 21&#215;6,5\u00d8cm<\/p>\n<p><strong>Embalagem:<\/strong> Caixa Preta<\/p>\n<p><strong>Dimens\u00f5es da Embalagem:<\/strong> 235x230x93 mm (AxLxP)<\/p>\n<p><strong>Peso da Embalagem:<\/strong> 315 g<\/p>\n<p><strong>Garantia:<\/strong> Contra defeitos de fabrica\u00e7\u00e3o<\/p>\n<p><strong>NCM:<\/strong> 76151000<\/p>\n<p><em>Atualizado em: 2026-04-04 22:01:32<\/em><\/p>\n","protected":false},"excerpt":{"rendered":"<p>Kit squeeze, caneta e bloco. Composto por garrafa em alum\u00ednio de 500ml revestido com verniz; bloco para anota\u00e7\u00f5es preto e [&hellip;]<\/p>\n","protected":false},"featured_media":364387,"comment_status":"open","ping_status":"closed","template":"","meta":[],"product_brand":[2683],"product_cat":[444,716,2988,3071],"product_tag":[],"class_list":{"0":"post-154228","1":"product","2":"type-product","3":"status-publish","4":"has-post-thumbnail","6":"product_brand-so-marcas","7":"product_cat-kits-especiais","8":"product_cat-onboarding-boas-vindas-integracao-kits-especiais","9":"product_cat-squeezes","10":"product_cat-kits-especiais-speed","12":"first","13":"instock","14":"shipping-taxable","15":"purchasable","16":"product-type-simple"},"_links":{"self":[{"href":"https:\/\/ninja.encktemp.com.br\/speedbrindes\/wp-json\/wp\/v2\/product\/154228","targetHints":{"allow":["GET"]}}],"collection":[{"href":"https:\/\/ninja.encktemp.com.br\/speedbrindes\/wp-json\/wp\/v2\/product"}],"about":[{"href":"https:\/\/ninja.encktemp.com.br\/speedbrindes\/wp-json\/wp\/v2\/types\/product"}],"replies":[{"embeddable":true,"href":"https:\/\/ninja.encktemp.com.br\/speedbrindes\/wp-json\/wp\/v2\/comments?post=154228"}],"wp:featuredmedia":[{"embeddable":true,"href":"https:\/\/ninja.encktemp.com.br\/speedbrindes\/wp-json\/wp\/v2\/media\/364387"}],"wp:attachment":[{"href":"https:\/\/ninja.encktemp.com.br\/speedbrindes\/wp-json\/wp\/v2\/media?parent=154228"}],"wp:term":[{"taxonomy":"product_brand","embeddable":true,"href":"https:\/\/ninja.encktemp.com.br\/speedbrindes\/wp-json\/wp\/v2\/product_brand?post=154228"},{"taxonomy":"product_cat","embeddable":true,"href":"https:\/\/ninja.encktemp.com.br\/speedbrindes\/wp-json\/wp\/v2\/product_cat?post=154228"},{"taxonomy":"product_tag","embeddable":true,"href":"https:\/\/ninja.encktemp.com.br\/speedbrindes\/wp-json\/wp\/v2\/product_tag?post=154228"}],"curies":[{"name":"wp","href":"https:\/\/api.w.org\/{rel}","templated":true}]}}