{"id":154020,"date":"2025-09-06T23:19:17","date_gmt":"2025-09-07T02:19:17","guid":{"rendered":"https:\/\/ninja.encktemp.com.br\/speedbrindes\/product\/kit-copo-em-fibra-de-bambu-caderno-e-caneta-vermelho-3-pcs\/"},"modified":"2026-04-03T07:53:24","modified_gmt":"2026-04-03T10:53:24","slug":"kit-copo-em-fibra-de-bambu-caderno-e-caneta-vermelho-3-pcs","status":"publish","type":"product","link":"https:\/\/ninja.encktemp.com.br\/speedbrindes\/product\/kit-copo-em-fibra-de-bambu-caderno-e-caneta-vermelho-3-pcs\/","title":{"rendered":"KIT COPO EM FIBRA DE BAMBU, CADERNO E CANETA &#8211; VERMELHO &#8211; 3 P\u00c7S"},"content":{"rendered":"<p>Kit copo em fibra de Bambu, caderno e caneta. Composto por copo em Fibra de Bambu\/PP; caderno  com 100 folhas para anota\u00e7\u00f5es wire-o com capa dura na vermelha e caneta esferogr\u00e1fica em alum\u00ednio vermelho.<\/p>\n<p><strong>Grava\u00e7\u00e3o:<\/strong> Uma grava\u00e7\u00e3o a Laser na caneta; uma grava\u00e7\u00e3o em Silk Screen no caderno, copo e na tampa da caixa.<\/p>\n<p><strong>Dimens\u00f5es:<\/strong> Caderno: 23,1x18x1,5 cm<\/p>\n<p><strong>Embalagem:<\/strong> Caixa Preta<\/p>\n<p><strong>Dimens\u00f5es da Embalagem:<\/strong> 365x300x100 mm (AxLxP)<\/p>\n<p><strong>Peso da Embalagem:<\/strong> 861 g<\/p>\n<p><strong>Garantia:<\/strong> Contra defeitos de fabrica\u00e7\u00e3o<\/p>\n<p><strong>NCM:<\/strong> 48236100<\/p>\n<p><em>Atualizado em: 2026-04-02 22:04:38<\/em><\/p>\n","protected":false},"excerpt":{"rendered":"<p>Kit copo em fibra de Bambu, caderno e caneta. Composto por copo em Fibra de Bambu\/PP; caderno com 100 folhas [&hellip;]<\/p>\n","protected":false},"featured_media":364330,"comment_status":"open","ping_status":"closed","template":"","meta":[],"product_brand":[2683],"product_cat":[440,471,472,2738,2764,3071,3814],"product_tag":[],"class_list":{"0":"post-154020","1":"product","2":"type-product","3":"status-publish","4":"has-post-thumbnail","6":"product_brand-so-marcas","7":"product_cat-lancamentos","8":"product_cat-kits-especiais-lancamentos","9":"product_cat-onboarding-boas-vindas-integracao-kits-especiais-lancamentos","10":"product_cat-cadernos","11":"product_cat-copos","12":"product_cat-kits-especiais-speed","13":"product_cat-lancamentos-speed","15":"first","16":"instock","17":"shipping-taxable","18":"purchasable","19":"product-type-simple"},"_links":{"self":[{"href":"https:\/\/ninja.encktemp.com.br\/speedbrindes\/wp-json\/wp\/v2\/product\/154020","targetHints":{"allow":["GET"]}}],"collection":[{"href":"https:\/\/ninja.encktemp.com.br\/speedbrindes\/wp-json\/wp\/v2\/product"}],"about":[{"href":"https:\/\/ninja.encktemp.com.br\/speedbrindes\/wp-json\/wp\/v2\/types\/product"}],"replies":[{"embeddable":true,"href":"https:\/\/ninja.encktemp.com.br\/speedbrindes\/wp-json\/wp\/v2\/comments?post=154020"}],"wp:featuredmedia":[{"embeddable":true,"href":"https:\/\/ninja.encktemp.com.br\/speedbrindes\/wp-json\/wp\/v2\/media\/364330"}],"wp:attachment":[{"href":"https:\/\/ninja.encktemp.com.br\/speedbrindes\/wp-json\/wp\/v2\/media?parent=154020"}],"wp:term":[{"taxonomy":"product_brand","embeddable":true,"href":"https:\/\/ninja.encktemp.com.br\/speedbrindes\/wp-json\/wp\/v2\/product_brand?post=154020"},{"taxonomy":"product_cat","embeddable":true,"href":"https:\/\/ninja.encktemp.com.br\/speedbrindes\/wp-json\/wp\/v2\/product_cat?post=154020"},{"taxonomy":"product_tag","embeddable":true,"href":"https:\/\/ninja.encktemp.com.br\/speedbrindes\/wp-json\/wp\/v2\/product_tag?post=154020"}],"curies":[{"name":"wp","href":"https:\/\/api.w.org\/{rel}","templated":true}]}}