{"id":153690,"date":"2025-09-06T23:13:51","date_gmt":"2025-09-07T02:13:51","guid":{"rendered":"https:\/\/ninja.encktemp.com.br\/speedbrindes\/product\/kit-para-cafe-cha-5-pcs-2\/"},"modified":"2026-04-03T07:53:20","modified_gmt":"2026-04-03T10:53:20","slug":"kit-para-cafe-cha-5-pcs-2","status":"publish","type":"product","link":"https:\/\/ninja.encktemp.com.br\/speedbrindes\/product\/kit-para-cafe-cha-5-pcs-2\/","title":{"rendered":"KIT PARA CAF\u00c9\/CH\u00c1 &#8211; 5 P\u00c7S"},"content":{"rendered":"<p>Kit para Caf\u00e9\/Ch\u00e1. Composto por bandeja oval e duas colheres de 18 cm em Bambu; duas canecas em cer\u00e2mica branca com 350 ml cada uma.<\/p>\n<p><strong>Grava\u00e7\u00e3o:<\/strong> Uma grava\u00e7\u00e3o a Laser na bandeja; uma grava\u00e7\u00e3o em Silk\/Digital nas duas canecas e na tampa da caixa.<\/p>\n<p><strong>Dimens\u00f5es:<\/strong> Bandeja: 26x12x1,7cm<\/p>\n<p><strong>Embalagem:<\/strong> Caixa com tampa branca<\/p>\n<p><strong>Dimens\u00f5es da Embalagem:<\/strong> 365x300x100 mm (AxLxP)<\/p>\n<p><strong>Peso da Embalagem:<\/strong> 1.344 g<\/p>\n<p><strong>Garantia:<\/strong> Contra defeitos de fabrica\u00e7\u00e3o<\/p>\n<p><strong>NCM:<\/strong> 44191900<\/p>\n<p><em>Atualizado em: 2026-04-02 22:04:37<\/em><\/p>\n","protected":false},"excerpt":{"rendered":"<p>Kit para Caf\u00e9\/Ch\u00e1. Composto por bandeja oval e duas colheres de 18 cm em Bambu; duas canecas em cer\u00e2mica branca [&hellip;]<\/p>\n","protected":false},"featured_media":364207,"comment_status":"open","ping_status":"closed","template":"","meta":[],"product_brand":[2683],"product_cat":[3071,3814,439,456,495,496,1913,2943,2950,2985],"product_tag":[],"class_list":{"0":"post-153690","1":"product","2":"type-product","3":"status-publish","4":"has-post-thumbnail","6":"product_brand-so-marcas","7":"product_cat-kits-especiais-speed","8":"product_cat-lancamentos-speed","9":"product_cat-copos-canecas-squeezes-e-garrafas","10":"product_cat-lancamentos-copos-canecas-squeezes-e-garrafas","11":"product_cat-kits-especiais-lancamentos-copos-canecas-squeezes-e-garrafas","12":"product_cat-cafe-cha-kits-especiais-lancamentos-copos-canecas-squeezes-e-garrafas","13":"product_cat-canecas","14":"product_cat-dia-maes","15":"product_cat-dia-mulheres","16":"product_cat-canecas-2","18":"first","19":"instock","20":"shipping-taxable","21":"purchasable","22":"product-type-simple"},"_links":{"self":[{"href":"https:\/\/ninja.encktemp.com.br\/speedbrindes\/wp-json\/wp\/v2\/product\/153690","targetHints":{"allow":["GET"]}}],"collection":[{"href":"https:\/\/ninja.encktemp.com.br\/speedbrindes\/wp-json\/wp\/v2\/product"}],"about":[{"href":"https:\/\/ninja.encktemp.com.br\/speedbrindes\/wp-json\/wp\/v2\/types\/product"}],"replies":[{"embeddable":true,"href":"https:\/\/ninja.encktemp.com.br\/speedbrindes\/wp-json\/wp\/v2\/comments?post=153690"}],"wp:featuredmedia":[{"embeddable":true,"href":"https:\/\/ninja.encktemp.com.br\/speedbrindes\/wp-json\/wp\/v2\/media\/364207"}],"wp:attachment":[{"href":"https:\/\/ninja.encktemp.com.br\/speedbrindes\/wp-json\/wp\/v2\/media?parent=153690"}],"wp:term":[{"taxonomy":"product_brand","embeddable":true,"href":"https:\/\/ninja.encktemp.com.br\/speedbrindes\/wp-json\/wp\/v2\/product_brand?post=153690"},{"taxonomy":"product_cat","embeddable":true,"href":"https:\/\/ninja.encktemp.com.br\/speedbrindes\/wp-json\/wp\/v2\/product_cat?post=153690"},{"taxonomy":"product_tag","embeddable":true,"href":"https:\/\/ninja.encktemp.com.br\/speedbrindes\/wp-json\/wp\/v2\/product_tag?post=153690"}],"curies":[{"name":"wp","href":"https:\/\/api.w.org\/{rel}","templated":true}]}}