{"id":152695,"date":"2025-09-06T22:56:51","date_gmt":"2025-09-07T01:56:51","guid":{"rendered":"https:\/\/ninja.encktemp.com.br\/speedbrindes\/product\/kit-de-facas-com-tamanho-7-4-e-garfo-3-pcs\/"},"modified":"2026-04-05T21:21:13","modified_gmt":"2026-04-06T00:21:13","slug":"kit-de-facas-com-tamanho-7-4-e-garfo-3-pcs","status":"publish","type":"product","link":"https:\/\/ninja.encktemp.com.br\/speedbrindes\/product\/kit-de-facas-com-tamanho-7-4-e-garfo-3-pcs\/","title":{"rendered":"KIT DE FACAS COM TAMANHO 7&#8243;, 4&#8243; E GARFO &#8211; 3 P\u00c7S"},"content":{"rendered":"<p>Conjunto com faca 7&#8221; em Bambu\/Inox. Acompanha tamb\u00e9m garfo trinchante e faca 4&#8243; em Madeira\/Inox.<br \/>\nComo cortesia, na faca 7&#8243; fazemos uma grava\u00e7\u00e3o com os cortes do boi.<\/p>\n<p><strong>Grava\u00e7\u00e3o:<\/strong> Uma grava\u00e7\u00e3o a Laser na l\u00e2mina da faca e uma grava\u00e7\u00e3o em Silk\/Digital na tampa da caixa.<\/p>\n<p><strong>Dimens\u00f5es:<\/strong> Faca 7&quot;: 30,5x4x1,6cm<\/p>\n<p><strong>Embalagem:<\/strong> Caixa Preta<\/p>\n<p><strong>Dimens\u00f5es da Embalagem:<\/strong> 350x140x29 mm (AxLxP)<\/p>\n<p><strong>Peso da Embalagem:<\/strong> 237 g<\/p>\n<p><strong>Garantia:<\/strong> Contra defeitos de fabrica\u00e7\u00e3o<\/p>\n<p><strong>NCM:<\/strong> 82111000<\/p>\n<p><em>Atualizado em: 2026-04-05 11:51:35<\/em><\/p>\n","protected":false},"excerpt":{"rendered":"<p>Conjunto com faca 7&#8221; em Bambu\/Inox. Acompanha tamb\u00e9m garfo trinchante e faca 4&#8243; em Madeira\/Inox. Como cortesia, na faca 7&#8243; [&hellip;]<\/p>\n","protected":false},"featured_media":363885,"comment_status":"open","ping_status":"closed","template":"","meta":[],"product_brand":[2683],"product_cat":[443,485,543],"product_tag":[],"class_list":{"0":"post-152695","1":"product","2":"type-product","3":"status-publish","4":"has-post-thumbnail","6":"product_brand-so-marcas","7":"product_cat-churrasco","8":"product_cat-utensilios-e-utilidades-churrasco","9":"product_cat-welf-utensilios-e-utilidades-churrasco","11":"first","12":"instock","13":"shipping-taxable","14":"purchasable","15":"product-type-simple"},"_links":{"self":[{"href":"https:\/\/ninja.encktemp.com.br\/speedbrindes\/wp-json\/wp\/v2\/product\/152695","targetHints":{"allow":["GET"]}}],"collection":[{"href":"https:\/\/ninja.encktemp.com.br\/speedbrindes\/wp-json\/wp\/v2\/product"}],"about":[{"href":"https:\/\/ninja.encktemp.com.br\/speedbrindes\/wp-json\/wp\/v2\/types\/product"}],"replies":[{"embeddable":true,"href":"https:\/\/ninja.encktemp.com.br\/speedbrindes\/wp-json\/wp\/v2\/comments?post=152695"}],"wp:featuredmedia":[{"embeddable":true,"href":"https:\/\/ninja.encktemp.com.br\/speedbrindes\/wp-json\/wp\/v2\/media\/363885"}],"wp:attachment":[{"href":"https:\/\/ninja.encktemp.com.br\/speedbrindes\/wp-json\/wp\/v2\/media?parent=152695"}],"wp:term":[{"taxonomy":"product_brand","embeddable":true,"href":"https:\/\/ninja.encktemp.com.br\/speedbrindes\/wp-json\/wp\/v2\/product_brand?post=152695"},{"taxonomy":"product_cat","embeddable":true,"href":"https:\/\/ninja.encktemp.com.br\/speedbrindes\/wp-json\/wp\/v2\/product_cat?post=152695"},{"taxonomy":"product_tag","embeddable":true,"href":"https:\/\/ninja.encktemp.com.br\/speedbrindes\/wp-json\/wp\/v2\/product_tag?post=152695"}],"curies":[{"name":"wp","href":"https:\/\/api.w.org\/{rel}","templated":true}]}}