{"id":152576,"date":"2025-09-06T22:54:55","date_gmt":"2025-09-07T01:54:55","guid":{"rendered":"https:\/\/ninja.encktemp.com.br\/speedbrindes\/product\/kit-para-bar-em-madeira-bambu-monaco-6-pcs\/"},"modified":"2026-04-04T21:11:45","modified_gmt":"2026-04-05T00:11:45","slug":"kit-para-bar-em-madeira-bambu-monaco-6-pcs","status":"publish","type":"product","link":"https:\/\/ninja.encktemp.com.br\/speedbrindes\/product\/kit-para-bar-em-madeira-bambu-monaco-6-pcs\/","title":{"rendered":"KIT PARA BAR EM MADEIRA \/ BAMBU M\u00d4NACO &#8211; 6 P\u00c7S"},"content":{"rendered":"<p>Conjunto para bar em Bambu\/Inox contendo faca de 7&#8243; em Bambu\/Inox; colher de 18 cm, pil\u00e3o, pegador e t\u00e1bua em Bambu. Acompanha tamb\u00e9m faca para frutas 4&#8243; em Madeira\/Inox.<br \/>\nT\u00e1bua confeccionada com tripla camada invertida, para dar maior durabilidade e n\u00e3o deformar com o passar do tempo.<\/p>\n<p><strong>Grava\u00e7\u00e3o:<\/strong> Uma grava\u00e7\u00e3o a Laser na t\u00e1bua de Bambu e l\u00e2mina da faca; uma grava\u00e7\u00e3o em Silk\/Digital na tampa da caixa.<\/p>\n<p><strong>Dimens\u00f5es:<\/strong> T\u00e1bua: 31x17x1,2cm<\/p>\n<p><strong>Embalagem:<\/strong> Caixa Preta<\/p>\n<p><strong>Dimens\u00f5es da Embalagem:<\/strong> 371x180x42 mm (AxLxP)<\/p>\n<p><strong>Peso da Embalagem:<\/strong> 762 g<\/p>\n<p><strong>Garantia:<\/strong> Contra defeitos de fabrica\u00e7\u00e3o<\/p>\n<p><strong>NCM:<\/strong> 44191900<\/p>\n<p><em>Atualizado em: 2026-04-04 11:51:39<\/em><\/p>\n","protected":false},"excerpt":{"rendered":"<p>Conjunto para bar em Bambu\/Inox contendo faca de 7&#8243; em Bambu\/Inox; colher de 18 cm, pil\u00e3o, pegador e t\u00e1bua em [&hellip;]<\/p>\n","protected":false},"featured_media":363857,"comment_status":"open","ping_status":"closed","template":"","meta":[],"product_brand":[2683],"product_cat":[521,527,2998],"product_tag":[],"class_list":{"0":"post-152576","1":"product","2":"type-product","3":"status-publish","4":"has-post-thumbnail","6":"product_brand-so-marcas","7":"product_cat-bar-petisco-e-pizza","8":"product_cat-welf-bar-petisco-e-pizza","9":"product_cat-bar-e-cozinha","11":"first","12":"instock","13":"shipping-taxable","14":"purchasable","15":"product-type-simple"},"_links":{"self":[{"href":"https:\/\/ninja.encktemp.com.br\/speedbrindes\/wp-json\/wp\/v2\/product\/152576","targetHints":{"allow":["GET"]}}],"collection":[{"href":"https:\/\/ninja.encktemp.com.br\/speedbrindes\/wp-json\/wp\/v2\/product"}],"about":[{"href":"https:\/\/ninja.encktemp.com.br\/speedbrindes\/wp-json\/wp\/v2\/types\/product"}],"replies":[{"embeddable":true,"href":"https:\/\/ninja.encktemp.com.br\/speedbrindes\/wp-json\/wp\/v2\/comments?post=152576"}],"wp:featuredmedia":[{"embeddable":true,"href":"https:\/\/ninja.encktemp.com.br\/speedbrindes\/wp-json\/wp\/v2\/media\/363857"}],"wp:attachment":[{"href":"https:\/\/ninja.encktemp.com.br\/speedbrindes\/wp-json\/wp\/v2\/media?parent=152576"}],"wp:term":[{"taxonomy":"product_brand","embeddable":true,"href":"https:\/\/ninja.encktemp.com.br\/speedbrindes\/wp-json\/wp\/v2\/product_brand?post=152576"},{"taxonomy":"product_cat","embeddable":true,"href":"https:\/\/ninja.encktemp.com.br\/speedbrindes\/wp-json\/wp\/v2\/product_cat?post=152576"},{"taxonomy":"product_tag","embeddable":true,"href":"https:\/\/ninja.encktemp.com.br\/speedbrindes\/wp-json\/wp\/v2\/product_tag?post=152576"}],"curies":[{"name":"wp","href":"https:\/\/api.w.org\/{rel}","templated":true}]}}