{"id":152226,"date":"2025-09-06T22:48:44","date_gmt":"2025-09-07T01:48:44","guid":{"rendered":"https:\/\/ninja.encktemp.com.br\/speedbrindes\/product\/descansa-prato-quadrado-em-bambu-18-cm\/"},"modified":"2026-04-03T19:40:28","modified_gmt":"2026-04-03T22:40:28","slug":"descansa-prato-quadrado-em-bambu-18-cm","status":"publish","type":"product","link":"https:\/\/ninja.encktemp.com.br\/speedbrindes\/product\/descansa-prato-quadrado-em-bambu-18-cm\/","title":{"rendered":"DESCANSA PRATO QUADRADO EM BAMBU &#8211; 18 CM"},"content":{"rendered":"<p>Descansa prato quadrado em bambu.<\/p>\n<p><strong>Grava\u00e7\u00e3o:<\/strong> Uma grava\u00e7\u00e3o a Laser.<\/p>\n<p><strong>Dimens\u00f5es:<\/strong> 18x18x1,5cm<\/p>\n<p><strong>Embalagem:<\/strong> Pl\u00e1stica<\/p>\n<p><strong>Dimens\u00f5es da Embalagem:<\/strong> 180x180x15 mm (AxLxP)<\/p>\n<p><strong>Peso da Embalagem:<\/strong> 325 g<\/p>\n<p><strong>Garantia:<\/strong> Contra defeitos de fabrica\u00e7\u00e3o<\/p>\n<p><strong>NCM:<\/strong> 44191900<\/p>\n<p><em>Atualizado em: 2026-04-03 11:50:55<\/em><\/p>\n","protected":false},"excerpt":{"rendered":"<p>Descansa prato quadrado em bambu. Grava\u00e7\u00e3o: Uma grava\u00e7\u00e3o a Laser. Dimens\u00f5es: 18x18x1,5cm Embalagem: Pl\u00e1stica Dimens\u00f5es da Embalagem: 180x180x15 mm (AxLxP) [&hellip;]<\/p>\n","protected":false},"featured_media":363790,"comment_status":"open","ping_status":"closed","template":"","meta":[],"product_brand":[2683],"product_cat":[442,461],"product_tag":[],"class_list":{"0":"post-152226","1":"product","2":"type-product","3":"status-publish","4":"has-post-thumbnail","6":"product_brand-so-marcas","7":"product_cat-utensilios-e-utilidades","8":"product_cat-welf-utensilios-e-utilidades","10":"first","11":"instock","12":"shipping-taxable","13":"product-type-simple"},"_links":{"self":[{"href":"https:\/\/ninja.encktemp.com.br\/speedbrindes\/wp-json\/wp\/v2\/product\/152226","targetHints":{"allow":["GET"]}}],"collection":[{"href":"https:\/\/ninja.encktemp.com.br\/speedbrindes\/wp-json\/wp\/v2\/product"}],"about":[{"href":"https:\/\/ninja.encktemp.com.br\/speedbrindes\/wp-json\/wp\/v2\/types\/product"}],"replies":[{"embeddable":true,"href":"https:\/\/ninja.encktemp.com.br\/speedbrindes\/wp-json\/wp\/v2\/comments?post=152226"}],"wp:featuredmedia":[{"embeddable":true,"href":"https:\/\/ninja.encktemp.com.br\/speedbrindes\/wp-json\/wp\/v2\/media\/363790"}],"wp:attachment":[{"href":"https:\/\/ninja.encktemp.com.br\/speedbrindes\/wp-json\/wp\/v2\/media?parent=152226"}],"wp:term":[{"taxonomy":"product_brand","embeddable":true,"href":"https:\/\/ninja.encktemp.com.br\/speedbrindes\/wp-json\/wp\/v2\/product_brand?post=152226"},{"taxonomy":"product_cat","embeddable":true,"href":"https:\/\/ninja.encktemp.com.br\/speedbrindes\/wp-json\/wp\/v2\/product_cat?post=152226"},{"taxonomy":"product_tag","embeddable":true,"href":"https:\/\/ninja.encktemp.com.br\/speedbrindes\/wp-json\/wp\/v2\/product_tag?post=152226"}],"curies":[{"name":"wp","href":"https:\/\/api.w.org\/{rel}","templated":true}]}}