{"id":148600,"date":"2025-09-03T21:30:58","date_gmt":"2025-09-04T00:30:58","guid":{"rendered":"https:\/\/ninja.encktemp.com.br\/speedbrindes\/product\/cumbuca-em-bambu-com-pegador-30cm-22l\/"},"modified":"2026-04-03T19:40:25","modified_gmt":"2026-04-03T22:40:25","slug":"cumbuca-em-bambu-com-pegador-30cm-22l","status":"publish","type":"product","link":"https:\/\/ninja.encktemp.com.br\/speedbrindes\/product\/cumbuca-em-bambu-com-pegador-30cm-22l\/","title":{"rendered":"CUMBUCA EM BAMBU COM PEGADOR 30CM &#8211; 2,2L"},"content":{"rendered":"<p>Cumbuca em bambu com pegador 30cm.<\/p>\n<p><strong>Grava\u00e7\u00e3o:<\/strong> Uma grava\u00e7\u00e3o a Laser na cumbuca.<\/p>\n<p><strong>Dimens\u00f5es:<\/strong> Cumbuca: 25\u00d8x13cm\/Pegador: 30cm<\/p>\n<p><strong>Embalagem:<\/strong> Pl\u00e1stica<\/p>\n<p><strong>Dimens\u00f5es da Embalagem:<\/strong> 250x130x0 mm (AxLxP)<\/p>\n<p><strong>Peso da Embalagem:<\/strong> 640 g<\/p>\n<p><strong>Garantia:<\/strong> Contra defeitos de fabrica\u00e7\u00e3o<\/p>\n<p><strong>NCM:<\/strong> 44191900<\/p>\n<p><em>Atualizado em: 2026-04-03 11:50:55<\/em><\/p>\n","protected":false},"excerpt":{"rendered":"<p>Cumbuca em bambu com pegador 30cm. Grava\u00e7\u00e3o: Uma grava\u00e7\u00e3o a Laser na cumbuca. Dimens\u00f5es: Cumbuca: 25\u00d8x13cm\/Pegador: 30cm Embalagem: Pl\u00e1stica Dimens\u00f5es [&hellip;]<\/p>\n","protected":false},"featured_media":363720,"comment_status":"open","ping_status":"closed","template":"","meta":[],"product_brand":[2683],"product_cat":[442,461],"product_tag":[],"class_list":{"0":"post-148600","1":"product","2":"type-product","3":"status-publish","4":"has-post-thumbnail","6":"product_brand-so-marcas","7":"product_cat-utensilios-e-utilidades","8":"product_cat-welf-utensilios-e-utilidades","10":"first","11":"instock","12":"shipping-taxable","13":"product-type-simple"},"_links":{"self":[{"href":"https:\/\/ninja.encktemp.com.br\/speedbrindes\/wp-json\/wp\/v2\/product\/148600","targetHints":{"allow":["GET"]}}],"collection":[{"href":"https:\/\/ninja.encktemp.com.br\/speedbrindes\/wp-json\/wp\/v2\/product"}],"about":[{"href":"https:\/\/ninja.encktemp.com.br\/speedbrindes\/wp-json\/wp\/v2\/types\/product"}],"replies":[{"embeddable":true,"href":"https:\/\/ninja.encktemp.com.br\/speedbrindes\/wp-json\/wp\/v2\/comments?post=148600"}],"wp:featuredmedia":[{"embeddable":true,"href":"https:\/\/ninja.encktemp.com.br\/speedbrindes\/wp-json\/wp\/v2\/media\/363720"}],"wp:attachment":[{"href":"https:\/\/ninja.encktemp.com.br\/speedbrindes\/wp-json\/wp\/v2\/media?parent=148600"}],"wp:term":[{"taxonomy":"product_brand","embeddable":true,"href":"https:\/\/ninja.encktemp.com.br\/speedbrindes\/wp-json\/wp\/v2\/product_brand?post=148600"},{"taxonomy":"product_cat","embeddable":true,"href":"https:\/\/ninja.encktemp.com.br\/speedbrindes\/wp-json\/wp\/v2\/product_cat?post=148600"},{"taxonomy":"product_tag","embeddable":true,"href":"https:\/\/ninja.encktemp.com.br\/speedbrindes\/wp-json\/wp\/v2\/product_tag?post=148600"}],"curies":[{"name":"wp","href":"https:\/\/api.w.org\/{rel}","templated":true}]}}