{"id":147792,"date":"2025-09-03T21:18:48","date_gmt":"2025-09-04T00:18:48","guid":{"rendered":"https:\/\/ninja.encktemp.com.br\/speedbrindes\/product\/conj-para-queijo-madeira-inox-2-pcs-2\/"},"modified":"2026-04-03T21:11:56","modified_gmt":"2026-04-04T00:11:56","slug":"conj-para-queijo-madeira-inox-2-pcs-2","status":"publish","type":"product","link":"https:\/\/ninja.encktemp.com.br\/speedbrindes\/product\/conj-para-queijo-madeira-inox-2-pcs-2\/","title":{"rendered":"CONJ PARA QUEIJO MADEIRA\/INOX &#8211; 2 P\u00c7S"},"content":{"rendered":"<p>Conjunto para Queijo. Composto por uma faca com ponta e garfo em Madeira\/Inox.<\/p>\n<p><strong>Grava\u00e7\u00e3o:<\/strong> Uma grava\u00e7\u00e3o a Laser na faca.<\/p>\n<p><strong>Dimens\u00f5es:<\/strong> Garfo: 2,5&#215;12,5 \/ Faca com ponta: 2,5&#215;12 cm<\/p>\n<p><strong>Embalagem:<\/strong> Sem embalagem<\/p>\n<p><strong>Dimens\u00f5es da Embalagem:<\/strong> 125x25x25 mm (AxLxP)<\/p>\n<p><strong>Peso da Embalagem:<\/strong> 41 g<\/p>\n<p><strong>Garantia:<\/strong> Contra defeitos de fabrica\u00e7\u00e3o<\/p>\n<p><strong>NCM:<\/strong> 82152000<\/p>\n<p><em>Atualizado em: 2026-04-03 11:50:55<\/em><\/p>\n","protected":false},"excerpt":{"rendered":"<p>Conjunto para Queijo. Composto por uma faca com ponta e garfo em Madeira\/Inox. Grava\u00e7\u00e3o: Uma grava\u00e7\u00e3o a Laser na faca. [&hellip;]<\/p>\n","protected":false},"featured_media":363701,"comment_status":"open","ping_status":"closed","template":"","meta":[],"product_brand":[2683],"product_cat":[454,481,482,3003,3004,3005],"product_tag":[],"class_list":{"0":"post-147792","1":"product","2":"type-product","3":"status-publish","4":"has-post-thumbnail","6":"product_brand-so-marcas","7":"product_cat-queijos-vinhos","8":"product_cat-utensilios-e-utilidades-queijos-e-vinhos","9":"product_cat-welf-utensilios-e-utilidades-queijos-e-vinhos","10":"product_cat-queijos-e-vinhos","11":"product_cat-utensilios-e-utilidades-queijos-e-vinhos-2","12":"product_cat-welf-utensilios-e-utilidades-queijos-e-vinhos-2","14":"first","15":"instock","16":"shipping-taxable","17":"purchasable","18":"product-type-simple"},"_links":{"self":[{"href":"https:\/\/ninja.encktemp.com.br\/speedbrindes\/wp-json\/wp\/v2\/product\/147792","targetHints":{"allow":["GET"]}}],"collection":[{"href":"https:\/\/ninja.encktemp.com.br\/speedbrindes\/wp-json\/wp\/v2\/product"}],"about":[{"href":"https:\/\/ninja.encktemp.com.br\/speedbrindes\/wp-json\/wp\/v2\/types\/product"}],"replies":[{"embeddable":true,"href":"https:\/\/ninja.encktemp.com.br\/speedbrindes\/wp-json\/wp\/v2\/comments?post=147792"}],"wp:featuredmedia":[{"embeddable":true,"href":"https:\/\/ninja.encktemp.com.br\/speedbrindes\/wp-json\/wp\/v2\/media\/363701"}],"wp:attachment":[{"href":"https:\/\/ninja.encktemp.com.br\/speedbrindes\/wp-json\/wp\/v2\/media?parent=147792"}],"wp:term":[{"taxonomy":"product_brand","embeddable":true,"href":"https:\/\/ninja.encktemp.com.br\/speedbrindes\/wp-json\/wp\/v2\/product_brand?post=147792"},{"taxonomy":"product_cat","embeddable":true,"href":"https:\/\/ninja.encktemp.com.br\/speedbrindes\/wp-json\/wp\/v2\/product_cat?post=147792"},{"taxonomy":"product_tag","embeddable":true,"href":"https:\/\/ninja.encktemp.com.br\/speedbrindes\/wp-json\/wp\/v2\/product_tag?post=147792"}],"curies":[{"name":"wp","href":"https:\/\/api.w.org\/{rel}","templated":true}]}}