{"id":146535,"date":"2025-09-03T19:24:11","date_gmt":"2025-09-03T22:24:11","guid":{"rendered":"https:\/\/ninja.encktemp.com.br\/speedbrindes\/product\/caneta-esferografica-em-bambu-e-metal-com-ponta-touch\/"},"modified":"2026-04-03T19:40:23","modified_gmt":"2026-04-03T22:40:23","slug":"caneta-esferografica-em-bambu-e-metal-com-ponta-touch","status":"publish","type":"product","link":"https:\/\/ninja.encktemp.com.br\/speedbrindes\/product\/caneta-esferografica-em-bambu-e-metal-com-ponta-touch\/","title":{"rendered":"CANETA ESFEROGR\u00c1FICA EM BAMBU E METAL COM PONTA TOUCH"},"content":{"rendered":"<p>Caneta esferogr\u00e1fica em Bambu com ponta Touch.<br \/>\nPossui detalhes em pl\u00e1stico e ferro cromado, carga esferogr\u00e1fica azul e \u00e9 acionada com um click.<\/p>\n<p><strong>Grava\u00e7\u00e3o:<\/strong> Uma grava\u00e7\u00e3o a Laser.<\/p>\n<p><strong>Dimens\u00f5es:<\/strong> 14&#215;1,5cm<\/p>\n<p><strong>Embalagem:<\/strong> Caixa preta<\/p>\n<p><strong>Dimens\u00f5es da Embalagem:<\/strong> 150x17x17 mm (AxLxP)<\/p>\n<p><strong>Peso da Embalagem:<\/strong> 17 g<\/p>\n<p><strong>Garantia:<\/strong> Contra defeitos de fabrica\u00e7\u00e3o<\/p>\n<p><strong>NCM:<\/strong> 96081000<\/p>\n<p><em>Atualizado em: 2026-04-03 11:50:54<\/em><\/p>\n","protected":false},"excerpt":{"rendered":"<p>Caneta esferogr\u00e1fica em Bambu com ponta Touch. Possui detalhes em pl\u00e1stico e ferro cromado, carga esferogr\u00e1fica azul e \u00e9 acionada [&hellip;]<\/p>\n","protected":false},"featured_media":363668,"comment_status":"open","ping_status":"closed","template":"","meta":[],"product_brand":[2683],"product_cat":[474,447],"product_tag":[],"class_list":{"0":"post-146535","1":"product","2":"type-product","3":"status-publish","4":"has-post-thumbnail","6":"product_brand-so-marcas","7":"product_cat-caneta-personalizada-escritorio","8":"product_cat-escritorio","10":"first","11":"instock","12":"shipping-taxable","13":"product-type-simple"},"_links":{"self":[{"href":"https:\/\/ninja.encktemp.com.br\/speedbrindes\/wp-json\/wp\/v2\/product\/146535","targetHints":{"allow":["GET"]}}],"collection":[{"href":"https:\/\/ninja.encktemp.com.br\/speedbrindes\/wp-json\/wp\/v2\/product"}],"about":[{"href":"https:\/\/ninja.encktemp.com.br\/speedbrindes\/wp-json\/wp\/v2\/types\/product"}],"replies":[{"embeddable":true,"href":"https:\/\/ninja.encktemp.com.br\/speedbrindes\/wp-json\/wp\/v2\/comments?post=146535"}],"wp:featuredmedia":[{"embeddable":true,"href":"https:\/\/ninja.encktemp.com.br\/speedbrindes\/wp-json\/wp\/v2\/media\/363668"}],"wp:attachment":[{"href":"https:\/\/ninja.encktemp.com.br\/speedbrindes\/wp-json\/wp\/v2\/media?parent=146535"}],"wp:term":[{"taxonomy":"product_brand","embeddable":true,"href":"https:\/\/ninja.encktemp.com.br\/speedbrindes\/wp-json\/wp\/v2\/product_brand?post=146535"},{"taxonomy":"product_cat","embeddable":true,"href":"https:\/\/ninja.encktemp.com.br\/speedbrindes\/wp-json\/wp\/v2\/product_cat?post=146535"},{"taxonomy":"product_tag","embeddable":true,"href":"https:\/\/ninja.encktemp.com.br\/speedbrindes\/wp-json\/wp\/v2\/product_tag?post=146535"}],"curies":[{"name":"wp","href":"https:\/\/api.w.org\/{rel}","templated":true}]}}