{"id":146376,"date":"2025-09-03T19:10:07","date_gmt":"2025-09-03T22:10:07","guid":{"rendered":"https:\/\/ninja.encktemp.com.br\/speedbrindes\/product\/bandeja-retangular-em-bambu-para-servir\/"},"modified":"2026-04-03T07:53:00","modified_gmt":"2026-04-03T10:53:00","slug":"bandeja-retangular-em-bambu-para-servir","status":"publish","type":"product","link":"https:\/\/ninja.encktemp.com.br\/speedbrindes\/product\/bandeja-retangular-em-bambu-para-servir\/","title":{"rendered":"BANDEJA RETANGULAR EM BAMBU PARA SERVIR"},"content":{"rendered":"<p>Bandeja retangular em Bambu para servir.<\/p>\n<p><strong>Grava\u00e7\u00e3o:<\/strong> Uma grava\u00e7\u00e3o a Laser.<\/p>\n<p><strong>Dimens\u00f5es:<\/strong> 28x13x2,5cm<\/p>\n<p><strong>Embalagem:<\/strong> Pl\u00e1stica<\/p>\n<p><strong>Dimens\u00f5es da Embalagem:<\/strong> 280x130x25 mm (AxLxP)<\/p>\n<p><strong>Peso da Embalagem:<\/strong> 295 g<\/p>\n<p><strong>Garantia:<\/strong> Contra defeitos de fabrica\u00e7\u00e3o<\/p>\n<p><strong>NCM:<\/strong> 44191900<\/p>\n<p><em>Atualizado em: 2026-04-02 22:04:31<\/em><\/p>\n","protected":false},"excerpt":{"rendered":"<p>Bandeja retangular em Bambu para servir. Grava\u00e7\u00e3o: Uma grava\u00e7\u00e3o a Laser. Dimens\u00f5es: 28x13x2,5cm Embalagem: Pl\u00e1stica Dimens\u00f5es da Embalagem: 280x130x25 mm [&hellip;]<\/p>\n","protected":false},"featured_media":363643,"comment_status":"open","ping_status":"closed","template":"","meta":[],"product_brand":[2683],"product_cat":[442,461,462],"product_tag":[],"class_list":{"0":"post-146376","1":"product","2":"type-product","3":"status-publish","4":"has-post-thumbnail","6":"product_brand-so-marcas","7":"product_cat-utensilios-e-utilidades","8":"product_cat-welf-utensilios-e-utilidades","9":"product_cat-bandejas-personalizadas-welf-utensilios-e-utilidades","11":"first","12":"instock","13":"shipping-taxable","14":"purchasable","15":"product-type-simple"},"_links":{"self":[{"href":"https:\/\/ninja.encktemp.com.br\/speedbrindes\/wp-json\/wp\/v2\/product\/146376","targetHints":{"allow":["GET"]}}],"collection":[{"href":"https:\/\/ninja.encktemp.com.br\/speedbrindes\/wp-json\/wp\/v2\/product"}],"about":[{"href":"https:\/\/ninja.encktemp.com.br\/speedbrindes\/wp-json\/wp\/v2\/types\/product"}],"replies":[{"embeddable":true,"href":"https:\/\/ninja.encktemp.com.br\/speedbrindes\/wp-json\/wp\/v2\/comments?post=146376"}],"wp:featuredmedia":[{"embeddable":true,"href":"https:\/\/ninja.encktemp.com.br\/speedbrindes\/wp-json\/wp\/v2\/media\/363643"}],"wp:attachment":[{"href":"https:\/\/ninja.encktemp.com.br\/speedbrindes\/wp-json\/wp\/v2\/media?parent=146376"}],"wp:term":[{"taxonomy":"product_brand","embeddable":true,"href":"https:\/\/ninja.encktemp.com.br\/speedbrindes\/wp-json\/wp\/v2\/product_brand?post=146376"},{"taxonomy":"product_cat","embeddable":true,"href":"https:\/\/ninja.encktemp.com.br\/speedbrindes\/wp-json\/wp\/v2\/product_cat?post=146376"},{"taxonomy":"product_tag","embeddable":true,"href":"https:\/\/ninja.encktemp.com.br\/speedbrindes\/wp-json\/wp\/v2\/product_tag?post=146376"}],"curies":[{"name":"wp","href":"https:\/\/api.w.org\/{rel}","templated":true}]}}